{"id":8357,"date":"2023-07-04T11:05:33","date_gmt":"2023-07-04T09:05:33","guid":{"rendered":"https:\/\/oegjk.org\/?page_id=8357"},"modified":"2025-04-11T15:24:08","modified_gmt":"2025-04-11T13:24:08","slug":"impressum","status":"publish","type":"page","link":"https:\/\/oegjk.org\/sq\/impressum\/","title":{"rendered":"Informacion mbi pron\u00ebsin\u00eb e faqes"},"content":{"rendered":"<div data-elementor-type=\"wp-page\" data-elementor-id=\"8357\" class=\"elementor elementor-8357\" data-elementor-post-type=\"page\">\n\t\t\t\t\t\t<section class=\"elementor-section elementor-top-section elementor-element elementor-element-931217f elementor-section-boxed elementor-section-height-default elementor-section-height-default\" data-id=\"931217f\" data-element_type=\"section\" data-e-type=\"section\">\n\t\t\t\t\t\t<div class=\"elementor-container elementor-column-gap-default\">\n\t\t\t\t\t<div class=\"elementor-column elementor-col-50 elementor-top-column elementor-element elementor-element-46e7b34\" data-id=\"46e7b34\" data-element_type=\"column\" data-e-type=\"column\">\n\t\t\t<div class=\"elementor-widget-wrap elementor-element-populated\">\n\t\t\t\t\t\t<div class=\"elementor-element elementor-element-6252fbb elementor-widget elementor-widget-heading\" data-id=\"6252fbb\" data-element_type=\"widget\" data-e-type=\"widget\" data-widget_type=\"heading.default\">\n\t\t\t\t<div class=\"elementor-widget-container\">\n\t\t\t\t\t<h2 class=\"elementor-heading-title elementor-size-default\">T\u00eb dh\u00ebnat sipas \u00a7 5 TMG<\/h2>\t\t\t\t<\/div>\n\t\t\t\t<\/div>\n\t\t\t\t<div class=\"elementor-element elementor-element-a9ad498 elementor-widget elementor-widget-text-editor\" data-id=\"a9ad498\" data-element_type=\"widget\" data-e-type=\"widget\" data-widget_type=\"text-editor.default\">\n\t\t\t\t<div class=\"elementor-widget-container\">\n\t\t\t\t\t\t\t\t\t<h2>Oda Ekonomike Gjermano-Kosovare<\/h2>\n<p>Organizat\u00eb Jo-Qeveritare e regjistruar n\u00eb Republik\u00ebn e Kosov\u00ebs<\/p>\n<p>Drejtor Ekzekutiv: Besnik Vasolli<\/p>\n<p><a href=\"https:\/\/www.google.com\/maps\/place\/Kosovarisch-Deutsche+Wirtschaftsvereinigung+-+Oda+Ekonomike+Gjermano-Kosovare+(KDWV+-+OEGJK)\/@42.6555486,21.1488801,17z\/data=!3m1!4b1!4m6!3m5!1s0x13549f76cbb558f1:0x14432188ecc72083!8m2!3d42.6555447!4d21.151455!16sg11fkwd50gc?hl=sq&amp;entry=ttu\">Rr. Bekim Fehmiu 110, Icon Tower, Kati 9, 10000 Prishtin\u00eb<\/a><\/p>\n<p><a href=\"mailto:info@oegjk.org\">info@oegjk.org<\/a><\/p>\n<p><a href=\"tel:+38338600880\">+383 38 600880<\/a><\/p>\t\t\t\t\t\t\t\t<\/div>\n\t\t\t\t<\/div>\n\t\t\t\t\t<\/div>\n\t\t<\/div>\n\t\t\t\t<div class=\"elementor-column elementor-col-50 elementor-top-column elementor-element elementor-element-dda1133\" data-id=\"dda1133\" data-element_type=\"column\" data-e-type=\"column\">\n\t\t\t<div class=\"elementor-widget-wrap elementor-element-populated\">\n\t\t\t\t\t\t<div class=\"elementor-element elementor-element-feb31f4 elementor-widget elementor-widget-google_maps\" data-id=\"feb31f4\" data-element_type=\"widget\" data-e-type=\"widget\" data-widget_type=\"google_maps.default\">\n\t\t\t\t<div class=\"elementor-widget-container\">\n\t\t\t\t\t\t\t<div class=\"elementor-custom-embed\">\n\t\t\t<iframe loading=\"lazy\"\n\t\t\t\t\tsrc=\"https:\/\/maps.google.com\/maps?q=Kosovarisch-Deutsche%20Wirtschaftsvereinigung&#038;t=m&#038;z=14&#038;output=embed&#038;iwloc=near\"\n\t\t\t\t\ttitle=\"Oda Ekonomike Gjermano-Kosovare\"\n\t\t\t\t\taria-label=\"Oda Ekonomike Gjermano-Kosovare\"\n\t\t\t><\/iframe>\n\t\t<\/div>\n\t\t\t\t\t\t<\/div>\n\t\t\t\t<\/div>\n\t\t\t\t\t<\/div>\n\t\t<\/div>\n\t\t\t\t\t<\/div>\n\t\t<\/section>\n\t\t\t\t<\/div>","protected":false},"excerpt":{"rendered":"<p>Angaben gem\u00e4\u00df \u00a7 5 TMG Kosovarisch-Deutsche Wirtschaftsvereinigung In der Republik Kosovo registrierte Nicht-Regierungsorganisation Gesch\u00e4ftsf\u00fchrer: Herr Besnik Vasolli Str. Bekim Fehmiu 110, Icon Tower, 9. Stock, 10000 Prishtina info@oegjk.org +383 38 [&hellip;]<\/p>\n","protected":false},"author":1,"featured_media":0,"parent":0,"menu_order":0,"comment_status":"closed","ping_status":"closed","template":"","meta":{"footnotes":""},"class_list":["post-8357","page","type-page","status-publish","hentry"],"aioseo_notices":[],"_links":{"self":[{"href":"https:\/\/oegjk.org\/sq\/wp-json\/wp\/v2\/pages\/8357","targetHints":{"allow":["GET"]}}],"collection":[{"href":"https:\/\/oegjk.org\/sq\/wp-json\/wp\/v2\/pages"}],"about":[{"href":"https:\/\/oegjk.org\/sq\/wp-json\/wp\/v2\/types\/page"}],"author":[{"embeddable":true,"href":"https:\/\/oegjk.org\/sq\/wp-json\/wp\/v2\/users\/1"}],"replies":[{"embeddable":true,"href":"https:\/\/oegjk.org\/sq\/wp-json\/wp\/v2\/comments?post=8357"}],"version-history":[{"count":29,"href":"https:\/\/oegjk.org\/sq\/wp-json\/wp\/v2\/pages\/8357\/revisions"}],"predecessor-version":[{"id":11818,"href":"https:\/\/oegjk.org\/sq\/wp-json\/wp\/v2\/pages\/8357\/revisions\/11818"}],"wp:attachment":[{"href":"https:\/\/oegjk.org\/sq\/wp-json\/wp\/v2\/media?parent=8357"}],"curies":[{"name":"wp","href":"https:\/\/api.w.org\/{rel}","templated":true}]}}