{"id":7779,"date":"2023-06-21T11:02:01","date_gmt":"2023-06-21T09:02:01","guid":{"rendered":"https:\/\/oegjk.org\/?page_id=7779"},"modified":"2024-03-26T16:51:39","modified_gmt":"2024-03-26T15:51:39","slug":"studien-forschung","status":"publish","type":"page","link":"https:\/\/oegjk.org\/sq\/studien-forschung\/","title":{"rendered":"Studime &amp; hulumtime"},"content":{"rendered":"<div data-elementor-type=\"wp-page\" data-elementor-id=\"7779\" class=\"elementor elementor-7779\" data-elementor-post-type=\"page\">\n\t\t\t\t\t\t<section class=\"elementor-section elementor-top-section elementor-element elementor-element-7ac29c4 elementor-section-boxed elementor-section-height-default elementor-section-height-default\" data-id=\"7ac29c4\" data-element_type=\"section\" data-e-type=\"section\">\n\t\t\t\t\t\t<div class=\"elementor-container elementor-column-gap-default\">\n\t\t\t\t\t<div class=\"elementor-column elementor-col-100 elementor-top-column elementor-element elementor-element-d7b1930\" data-id=\"d7b1930\" data-element_type=\"column\" data-e-type=\"column\">\n\t\t\t<div class=\"elementor-widget-wrap elementor-element-populated\">\n\t\t\t\t\t\t<div class=\"elementor-element elementor-element-cf0ee5c elementor-widget elementor-widget-heading\" data-id=\"cf0ee5c\" data-element_type=\"widget\" data-e-type=\"widget\" data-widget_type=\"heading.default\">\n\t\t\t\t<div class=\"elementor-widget-container\">\n\t\t\t\t\t<h2 class=\"elementor-heading-title elementor-size-default\">Studime &amp; Hulumtime<\/h2>\t\t\t\t<\/div>\n\t\t\t\t<\/div>\n\t\t\t\t\t<\/div>\n\t\t<\/div>\n\t\t\t\t\t<\/div>\n\t\t<\/section>\n\t\t\t\t<section class=\"elementor-section elementor-top-section elementor-element elementor-element-51c72dc0 elementor-section-boxed elementor-section-height-default elementor-section-height-default\" data-id=\"51c72dc0\" data-element_type=\"section\" data-e-type=\"section\" data-settings=\"{&quot;background_background&quot;:&quot;classic&quot;}\">\n\t\t\t\t\t\t<div class=\"elementor-container elementor-column-gap-default\">\n\t\t\t\t\t<div class=\"elementor-column elementor-col-100 elementor-top-column elementor-element elementor-element-1dac826e\" data-id=\"1dac826e\" data-element_type=\"column\" data-e-type=\"column\">\n\t\t\t<div class=\"elementor-widget-wrap elementor-element-populated\">\n\t\t\t\t\t\t<div class=\"elementor-element elementor-element-60c74a4c elementor-grid-3 elementor-grid-tablet-2 elementor-grid-mobile-1 elementor-posts--thumbnail-top elementor-widget elementor-widget-posts\" data-id=\"60c74a4c\" data-element_type=\"widget\" data-e-type=\"widget\" data-settings=\"{&quot;pagination_type&quot;:&quot;numbers&quot;,&quot;classic_columns&quot;:&quot;3&quot;,&quot;classic_columns_tablet&quot;:&quot;2&quot;,&quot;classic_columns_mobile&quot;:&quot;1&quot;,&quot;classic_row_gap&quot;:{&quot;unit&quot;:&quot;px&quot;,&quot;size&quot;:35,&quot;sizes&quot;:[]},&quot;classic_row_gap_tablet&quot;:{&quot;unit&quot;:&quot;px&quot;,&quot;size&quot;:&quot;&quot;,&quot;sizes&quot;:[]},&quot;classic_row_gap_mobile&quot;:{&quot;unit&quot;:&quot;px&quot;,&quot;size&quot;:&quot;&quot;,&quot;sizes&quot;:[]}}\" data-widget_type=\"posts.classic\">\n\t\t\t\t<div class=\"elementor-widget-container\">\n\t\t\t\t\t\t\t<div class=\"elementor-posts-container elementor-posts elementor-posts--skin-classic elementor-grid\" role=\"list\">\n\t\t\t\t<article class=\"elementor-post elementor-grid-item post-12009 post type-post status-publish format-standard has-post-thumbnail hentry category-nachrichten category-studien\" role=\"listitem\">\n\t\t\t\t<a class=\"elementor-post__thumbnail__link\" href=\"https:\/\/oegjk.org\/sq\/zielmarktanalyse-2025-dezentrale-eigenenergieversorgung-mit-photovoltaik\/\" tabindex=\"-1\" >\n\t\t\t<div class=\"elementor-post__thumbnail\"><img fetchpriority=\"high\" decoding=\"async\" width=\"1978\" height=\"2560\" src=\"https:\/\/oegjk.org\/wp-content\/uploads\/2025\/07\/pv-zma-nordmazedonien-albanien-kosovo-scaled.jpg\" class=\"attachment-full size-full wp-image-12010\" alt=\"\" srcset=\"https:\/\/oegjk.org\/wp-content\/uploads\/2025\/07\/pv-zma-nordmazedonien-albanien-kosovo-scaled.jpg 1978w, https:\/\/oegjk.org\/wp-content\/uploads\/2025\/07\/pv-zma-nordmazedonien-albanien-kosovo-232x300.jpg 232w, https:\/\/oegjk.org\/wp-content\/uploads\/2025\/07\/pv-zma-nordmazedonien-albanien-kosovo-791x1024.jpg 791w, https:\/\/oegjk.org\/wp-content\/uploads\/2025\/07\/pv-zma-nordmazedonien-albanien-kosovo-768x994.jpg 768w, https:\/\/oegjk.org\/wp-content\/uploads\/2025\/07\/pv-zma-nordmazedonien-albanien-kosovo-1187x1536.jpg 1187w, https:\/\/oegjk.org\/wp-content\/uploads\/2025\/07\/pv-zma-nordmazedonien-albanien-kosovo-1583x2048.jpg 1583w, https:\/\/oegjk.org\/wp-content\/uploads\/2025\/07\/pv-zma-nordmazedonien-albanien-kosovo-9x12.jpg 9w\" sizes=\"(max-width: 1978px) 100vw, 1978px\" \/><\/div>\n\t\t<\/a>\n\t\t\t\t<div class=\"elementor-post__text\">\n\t\t\t\t<h3 class=\"elementor-post__title\">\n\t\t\t<a href=\"https:\/\/oegjk.org\/sq\/zielmarktanalyse-2025-dezentrale-eigenenergieversorgung-mit-photovoltaik\/\" >\n\t\t\t\tFurnizim i decentralizuar me energji p\u00ebr vet\u00ebkonsum me PV\t\t\t<\/a>\n\t\t<\/h3>\n\t\t\t\t<div class=\"elementor-post__meta-data\">\n\t\t\t\t\t<span class=\"elementor-post-date\">\n\t\t\t09.07.2025\t\t<\/span>\n\t\t\t\t<\/div>\n\t\t\t\t\t<div class=\"elementor-post__read-more-wrapper\">\n\t\t\n\t\t<a class=\"elementor-post__read-more\" href=\"https:\/\/oegjk.org\/sq\/zielmarktanalyse-2025-dezentrale-eigenenergieversorgung-mit-photovoltaik\/\" aria-label=\"Read more about Zielmarktanalyse 2025 &#8211; Dezentrale Eigenenergieversorgung mit Photovoltaik\" tabindex=\"-1\" >\n\t\t\tLexo m\u00eb shum\u00eb \u00bb\t\t<\/a>\n\n\t\t\t\t\t<\/div>\n\t\t\t\t<\/div>\n\t\t\t\t<\/article>\n\t\t\t\t<article class=\"elementor-post elementor-grid-item post-11993 post type-post status-publish format-standard has-post-thumbnail hentry category-nachrichten category-studien\" role=\"listitem\">\n\t\t\t\t<a class=\"elementor-post__thumbnail__link\" href=\"https:\/\/oegjk.org\/sq\/zielmarktanalyse-2024-ausbau-der-erneurbaren-energieinfrastruktur\/\" tabindex=\"-1\" >\n\t\t\t<div class=\"elementor-post__thumbnail\"><img decoding=\"async\" width=\"1978\" height=\"2560\" src=\"https:\/\/oegjk.org\/wp-content\/uploads\/2025\/06\/zma-kosovo-scaled.jpg\" class=\"attachment-full size-full wp-image-11996\" alt=\"\" srcset=\"https:\/\/oegjk.org\/wp-content\/uploads\/2025\/06\/zma-kosovo-scaled.jpg 1978w, https:\/\/oegjk.org\/wp-content\/uploads\/2025\/06\/zma-kosovo-232x300.jpg 232w, https:\/\/oegjk.org\/wp-content\/uploads\/2025\/06\/zma-kosovo-791x1024.jpg 791w, https:\/\/oegjk.org\/wp-content\/uploads\/2025\/06\/zma-kosovo-768x994.jpg 768w, https:\/\/oegjk.org\/wp-content\/uploads\/2025\/06\/zma-kosovo-1187x1536.jpg 1187w, https:\/\/oegjk.org\/wp-content\/uploads\/2025\/06\/zma-kosovo-1583x2048.jpg 1583w, https:\/\/oegjk.org\/wp-content\/uploads\/2025\/06\/zma-kosovo-9x12.jpg 9w\" sizes=\"(max-width: 1978px) 100vw, 1978px\" \/><\/div>\n\t\t<\/a>\n\t\t\t\t<div class=\"elementor-post__text\">\n\t\t\t\t<h3 class=\"elementor-post__title\">\n\t\t\t<a href=\"https:\/\/oegjk.org\/sq\/zielmarktanalyse-2024-ausbau-der-erneurbaren-energieinfrastruktur\/\" >\n\t\t\t\tAnaliza e Tregut 2024 \u2013 Zgjerimi i infrastruktur\u00ebs s\u00eb energjis\u00eb s\u00eb rip\u00ebrt\u00ebritshme\t\t\t<\/a>\n\t\t<\/h3>\n\t\t\t\t<div class=\"elementor-post__meta-data\">\n\t\t\t\t\t<span class=\"elementor-post-date\">\n\t\t\t30.06.2025\t\t<\/span>\n\t\t\t\t<\/div>\n\t\t\t\t\t<div class=\"elementor-post__read-more-wrapper\">\n\t\t\n\t\t<a class=\"elementor-post__read-more\" href=\"https:\/\/oegjk.org\/sq\/zielmarktanalyse-2024-ausbau-der-erneurbaren-energieinfrastruktur\/\" aria-label=\"Read more about Zielmarktanalyse 2024 &#8211; Ausbau der erneurbaren Energieinfrastruktur\" tabindex=\"-1\" >\n\t\t\tLexo m\u00eb shum\u00eb \u00bb\t\t<\/a>\n\n\t\t\t\t\t<\/div>\n\t\t\t\t<\/div>\n\t\t\t\t<\/article>\n\t\t\t\t<article class=\"elementor-post elementor-grid-item post-11223 post type-post status-publish format-standard has-post-thumbnail hentry category-studien\" role=\"listitem\">\n\t\t\t\t<a class=\"elementor-post__thumbnail__link\" href=\"https:\/\/oegjk.org\/sq\/rechtlicher-investitionsleitfaden-fuer-kosovo-2024\/\" tabindex=\"-1\" >\n\t\t\t<div class=\"elementor-post__thumbnail\"><img decoding=\"async\" width=\"1241\" height=\"1754\" src=\"https:\/\/oegjk.org\/wp-content\/uploads\/2024\/10\/Rechtlicher-Investitionsleitfaden-fuer-Kosovo-2024-Vokshi-Lata.jpg?t=1776946083\" class=\"attachment-full size-full wp-image-11226\" alt=\"\" srcset=\"https:\/\/oegjk.org\/wp-content\/uploads\/2024\/10\/Rechtlicher-Investitionsleitfaden-fuer-Kosovo-2024-Vokshi-Lata.jpg?t=1776946083 1241w, https:\/\/oegjk.org\/wp-content\/uploads\/2024\/10\/Rechtlicher-Investitionsleitfaden-fuer-Kosovo-2024-Vokshi-Lata-212x300.jpg?t=1776946083 212w, https:\/\/oegjk.org\/wp-content\/uploads\/2024\/10\/Rechtlicher-Investitionsleitfaden-fuer-Kosovo-2024-Vokshi-Lata-725x1024.jpg?t=1776946083 725w, https:\/\/oegjk.org\/wp-content\/uploads\/2024\/10\/Rechtlicher-Investitionsleitfaden-fuer-Kosovo-2024-Vokshi-Lata-768x1085.jpg?t=1776946083 768w, https:\/\/oegjk.org\/wp-content\/uploads\/2024\/10\/Rechtlicher-Investitionsleitfaden-fuer-Kosovo-2024-Vokshi-Lata-1087x1536.jpg?t=1776946083 1087w, https:\/\/oegjk.org\/wp-content\/uploads\/2024\/10\/Rechtlicher-Investitionsleitfaden-fuer-Kosovo-2024-Vokshi-Lata-8x12.jpg?t=1776946083 8w\" sizes=\"(max-width: 1241px) 100vw, 1241px\" \/><\/div>\n\t\t<\/a>\n\t\t\t\t<div class=\"elementor-post__text\">\n\t\t\t\t<h3 class=\"elementor-post__title\">\n\t\t\t<a href=\"https:\/\/oegjk.org\/sq\/rechtlicher-investitionsleitfaden-fuer-kosovo-2024\/\" >\n\t\t\t\tLegal Guide to Investing in Kosovo 2024\t\t\t<\/a>\n\t\t<\/h3>\n\t\t\t\t<div class=\"elementor-post__meta-data\">\n\t\t\t\t\t<span class=\"elementor-post-date\">\n\t\t\t21.10.2024\t\t<\/span>\n\t\t\t\t<\/div>\n\t\t\t\t\t<div class=\"elementor-post__read-more-wrapper\">\n\t\t\n\t\t<a class=\"elementor-post__read-more\" href=\"https:\/\/oegjk.org\/sq\/rechtlicher-investitionsleitfaden-fuer-kosovo-2024\/\" aria-label=\"Read more about Rechtlicher Investitionsleitfaden f\u00fcr Kosovo 2024\" tabindex=\"-1\" >\n\t\t\tLexo m\u00eb shum\u00eb \u00bb\t\t<\/a>\n\n\t\t\t\t\t<\/div>\n\t\t\t\t<\/div>\n\t\t\t\t<\/article>\n\t\t\t\t<article class=\"elementor-post elementor-grid-item post-10917 post type-post status-publish format-standard has-post-thumbnail hentry category-studien\" role=\"listitem\">\n\t\t\t\t<a class=\"elementor-post__thumbnail__link\" href=\"https:\/\/oegjk.org\/sq\/improving-the-business-climate-boosting-investment-2\/\" tabindex=\"-1\" >\n\t\t\t<div class=\"elementor-post__thumbnail\"><img loading=\"lazy\" decoding=\"async\" width=\"1042\" height=\"1462\" src=\"https:\/\/oegjk.org\/wp-content\/uploads\/2023\/06\/Improving-the-Business-Climate-Boosting-Investment.-GET-REX-KDWV-Cover.jpg\" class=\"attachment-full size-full wp-image-7784\" alt=\"\" srcset=\"https:\/\/oegjk.org\/wp-content\/uploads\/2023\/06\/Improving-the-Business-Climate-Boosting-Investment.-GET-REX-KDWV-Cover.jpg 1042w, https:\/\/oegjk.org\/wp-content\/uploads\/2023\/06\/Improving-the-Business-Climate-Boosting-Investment.-GET-REX-KDWV-Cover-214x300.jpg 214w, https:\/\/oegjk.org\/wp-content\/uploads\/2023\/06\/Improving-the-Business-Climate-Boosting-Investment.-GET-REX-KDWV-Cover-730x1024.jpg 730w, https:\/\/oegjk.org\/wp-content\/uploads\/2023\/06\/Improving-the-Business-Climate-Boosting-Investment.-GET-REX-KDWV-Cover-768x1078.jpg 768w, https:\/\/oegjk.org\/wp-content\/uploads\/2023\/06\/Improving-the-Business-Climate-Boosting-Investment.-GET-REX-KDWV-Cover-9x12.jpg 9w\" sizes=\"(max-width: 1042px) 100vw, 1042px\" \/><\/div>\n\t\t<\/a>\n\t\t\t\t<div class=\"elementor-post__text\">\n\t\t\t\t<h3 class=\"elementor-post__title\">\n\t\t\t<a href=\"https:\/\/oegjk.org\/sq\/improving-the-business-climate-boosting-investment-2\/\" >\n\t\t\t\tImproving the Business Climate \u2013 Boosting Investment.\u00a0\t\t\t<\/a>\n\t\t<\/h3>\n\t\t\t\t<div class=\"elementor-post__meta-data\">\n\t\t\t\t\t<span class=\"elementor-post-date\">\n\t\t\t03.06.2024\t\t<\/span>\n\t\t\t\t<\/div>\n\t\t\t\t\t<div class=\"elementor-post__read-more-wrapper\">\n\t\t\n\t\t<a class=\"elementor-post__read-more\" href=\"https:\/\/oegjk.org\/sq\/improving-the-business-climate-boosting-investment-2\/\" aria-label=\"Read more about Improving the Business Climate \u2013 Boosting Investment.\u00a0\" tabindex=\"-1\" >\n\t\t\tLexo m\u00eb shum\u00eb \u00bb\t\t<\/a>\n\n\t\t\t\t\t<\/div>\n\t\t\t\t<\/div>\n\t\t\t\t<\/article>\n\t\t\t\t<article class=\"elementor-post elementor-grid-item post-10815 post type-post status-publish format-standard has-post-thumbnail hentry category-studien\" role=\"listitem\">\n\t\t\t\t<a class=\"elementor-post__thumbnail__link\" href=\"https:\/\/oegjk.org\/sq\/analysis-challenges-of-accessing-the-labour-market-middle-aged-women-in-kosovo\/\" tabindex=\"-1\" >\n\t\t\t<div class=\"elementor-post__thumbnail\"><img loading=\"lazy\" decoding=\"async\" width=\"1241\" height=\"1754\" src=\"https:\/\/oegjk.org\/wp-content\/uploads\/2024\/04\/CHALLENGES-OF-ACCESSING-THE-LABOUR-MARKET-Middle-Aged-Women-in-Kosovo_Seite_01.jpg\" class=\"attachment-full size-full wp-image-10816\" alt=\"\" srcset=\"https:\/\/oegjk.org\/wp-content\/uploads\/2024\/04\/CHALLENGES-OF-ACCESSING-THE-LABOUR-MARKET-Middle-Aged-Women-in-Kosovo_Seite_01.jpg 1241w, https:\/\/oegjk.org\/wp-content\/uploads\/2024\/04\/CHALLENGES-OF-ACCESSING-THE-LABOUR-MARKET-Middle-Aged-Women-in-Kosovo_Seite_01-212x300.jpg 212w, https:\/\/oegjk.org\/wp-content\/uploads\/2024\/04\/CHALLENGES-OF-ACCESSING-THE-LABOUR-MARKET-Middle-Aged-Women-in-Kosovo_Seite_01-725x1024.jpg 725w, https:\/\/oegjk.org\/wp-content\/uploads\/2024\/04\/CHALLENGES-OF-ACCESSING-THE-LABOUR-MARKET-Middle-Aged-Women-in-Kosovo_Seite_01-768x1085.jpg 768w, https:\/\/oegjk.org\/wp-content\/uploads\/2024\/04\/CHALLENGES-OF-ACCESSING-THE-LABOUR-MARKET-Middle-Aged-Women-in-Kosovo_Seite_01-1087x1536.jpg 1087w, https:\/\/oegjk.org\/wp-content\/uploads\/2024\/04\/CHALLENGES-OF-ACCESSING-THE-LABOUR-MARKET-Middle-Aged-Women-in-Kosovo_Seite_01-8x12.jpg 8w\" sizes=\"(max-width: 1241px) 100vw, 1241px\" \/><\/div>\n\t\t<\/a>\n\t\t\t\t<div class=\"elementor-post__text\">\n\t\t\t\t<h3 class=\"elementor-post__title\">\n\t\t\t<a href=\"https:\/\/oegjk.org\/sq\/analysis-challenges-of-accessing-the-labour-market-middle-aged-women-in-kosovo\/\" >\n\t\t\t\tAnaliz\u00eb \u201cSfidat e Qasjes n\u00eb Tregun e Pun\u00ebs \u2013 grat\u00eb n\u00eb mosh\u00ebn e mesme\u201d\t\t\t<\/a>\n\t\t<\/h3>\n\t\t\t\t<div class=\"elementor-post__meta-data\">\n\t\t\t\t\t<span class=\"elementor-post-date\">\n\t\t\t23.04.2024\t\t<\/span>\n\t\t\t\t<\/div>\n\t\t\t\t\t<div class=\"elementor-post__read-more-wrapper\">\n\t\t\n\t\t<a class=\"elementor-post__read-more\" href=\"https:\/\/oegjk.org\/sq\/analysis-challenges-of-accessing-the-labour-market-middle-aged-women-in-kosovo\/\" aria-label=\"Read more about Analysis:\u00a0\u201cChallenges of Accessing the Labour Market &#8211; Middle-Aged Women in Kosovo\u201c\" tabindex=\"-1\" >\n\t\t\tLexo m\u00eb shum\u00eb \u00bb\t\t<\/a>\n\n\t\t\t\t\t<\/div>\n\t\t\t\t<\/div>\n\t\t\t\t<\/article>\n\t\t\t\t<article class=\"elementor-post elementor-grid-item post-10537 post type-post status-publish format-standard has-post-thumbnail hentry category-studien\" role=\"listitem\">\n\t\t\t\t<a class=\"elementor-post__thumbnail__link\" href=\"https:\/\/oegjk.org\/sq\/republic-of-kosovo-facts-figures-2023\/\" tabindex=\"-1\" >\n\t\t\t<div class=\"elementor-post__thumbnail\"><img loading=\"lazy\" decoding=\"async\" width=\"875\" height=\"1241\" src=\"https:\/\/oegjk.org\/wp-content\/uploads\/2024\/02\/Republic-of-Kosovo-Facts-and-Figures-2023.jpg\" class=\"attachment-full size-full wp-image-10536\" alt=\"\" srcset=\"https:\/\/oegjk.org\/wp-content\/uploads\/2024\/02\/Republic-of-Kosovo-Facts-and-Figures-2023.jpg 875w, https:\/\/oegjk.org\/wp-content\/uploads\/2024\/02\/Republic-of-Kosovo-Facts-and-Figures-2023-212x300.jpg 212w, https:\/\/oegjk.org\/wp-content\/uploads\/2024\/02\/Republic-of-Kosovo-Facts-and-Figures-2023-722x1024.jpg 722w, https:\/\/oegjk.org\/wp-content\/uploads\/2024\/02\/Republic-of-Kosovo-Facts-and-Figures-2023-768x1089.jpg 768w, https:\/\/oegjk.org\/wp-content\/uploads\/2024\/02\/Republic-of-Kosovo-Facts-and-Figures-2023-8x12.jpg 8w\" sizes=\"(max-width: 875px) 100vw, 875px\" \/><\/div>\n\t\t<\/a>\n\t\t\t\t<div class=\"elementor-post__text\">\n\t\t\t\t<h3 class=\"elementor-post__title\">\n\t\t\t<a href=\"https:\/\/oegjk.org\/sq\/republic-of-kosovo-facts-figures-2023\/\" >\n\t\t\t\tRepublic of Kosovo: Facts &#038; Figures 2023\t\t\t<\/a>\n\t\t<\/h3>\n\t\t\t\t<div class=\"elementor-post__meta-data\">\n\t\t\t\t\t<span class=\"elementor-post-date\">\n\t\t\t06.02.2024\t\t<\/span>\n\t\t\t\t<\/div>\n\t\t\t\t\t<div class=\"elementor-post__read-more-wrapper\">\n\t\t\n\t\t<a class=\"elementor-post__read-more\" href=\"https:\/\/oegjk.org\/sq\/republic-of-kosovo-facts-figures-2023\/\" aria-label=\"Read more about Republic of Kosovo: Facts &#038; Figures 2023\" tabindex=\"-1\" >\n\t\t\tLexo m\u00eb shum\u00eb \u00bb\t\t<\/a>\n\n\t\t\t\t\t<\/div>\n\t\t\t\t<\/div>\n\t\t\t\t<\/article>\n\t\t\t\t<\/div>\n\t\t\n\t\t\t\t<div class=\"e-load-more-anchor\" data-page=\"1\" data-max-page=\"4\" data-next-page=\"https:\/\/oegjk.org\/sq\/wp-json\/wp\/v2\/pages\/7779\/page\/2\/\"><\/div>\n\t\t\t\t<nav class=\"elementor-pagination\" aria-label=\"Pagination\">\n\t\t\t<span aria-current=\"page\" class=\"page-numbers current\"><span class=\"elementor-screen-only\">Page<\/span>1<\/span>\n<a class=\"page-numbers\" href=\"https:\/\/oegjk.org\/sq\/wp-json\/wp\/v2\/pages\/7779\/page\/2\/\"><span class=\"elementor-screen-only\">Page<\/span>2<\/a>\n<a class=\"page-numbers\" href=\"https:\/\/oegjk.org\/sq\/wp-json\/wp\/v2\/pages\/7779\/page\/3\/\"><span class=\"elementor-screen-only\">Page<\/span>3<\/a>\n<a class=\"page-numbers\" href=\"https:\/\/oegjk.org\/sq\/wp-json\/wp\/v2\/pages\/7779\/page\/4\/\"><span class=\"elementor-screen-only\">Page<\/span>4<\/a>\t\t<\/nav>\n\t\t\t\t\t\t<\/div>\n\t\t\t\t<\/div>\n\t\t\t\t\t<\/div>\n\t\t<\/div>\n\t\t\t\t\t<\/div>\n\t\t<\/section>\n\t\t\t\t<\/div>","protected":false},"excerpt":{"rendered":"<p>Studime &amp; Hulumtime<\/p>","protected":false},"author":1,"featured_media":0,"parent":0,"menu_order":0,"comment_status":"closed","ping_status":"closed","template":"","meta":{"footnotes":""},"class_list":["post-7779","page","type-page","status-publish","hentry"],"aioseo_notices":[],"_links":{"self":[{"href":"https:\/\/oegjk.org\/sq\/wp-json\/wp\/v2\/pages\/7779","targetHints":{"allow":["GET"]}}],"collection":[{"href":"https:\/\/oegjk.org\/sq\/wp-json\/wp\/v2\/pages"}],"about":[{"href":"https:\/\/oegjk.org\/sq\/wp-json\/wp\/v2\/types\/page"}],"author":[{"embeddable":true,"href":"https:\/\/oegjk.org\/sq\/wp-json\/wp\/v2\/users\/1"}],"replies":[{"embeddable":true,"href":"https:\/\/oegjk.org\/sq\/wp-json\/wp\/v2\/comments?post=7779"}],"version-history":[{"count":124,"href":"https:\/\/oegjk.org\/sq\/wp-json\/wp\/v2\/pages\/7779\/revisions"}],"predecessor-version":[{"id":10684,"href":"https:\/\/oegjk.org\/sq\/wp-json\/wp\/v2\/pages\/7779\/revisions\/10684"}],"wp:attachment":[{"href":"https:\/\/oegjk.org\/sq\/wp-json\/wp\/v2\/media?parent=7779"}],"curies":[{"name":"wp","href":"https:\/\/api.w.org\/{rel}","templated":true}]}}