{"id":7040,"date":"2023-05-17T15:55:30","date_gmt":"2023-05-17T13:55:30","guid":{"rendered":"https:\/\/oegjk.org\/?page_id=7040"},"modified":"2024-06-03T13:48:29","modified_gmt":"2024-06-03T11:48:29","slug":"ueberuns","status":"publish","type":"page","link":"https:\/\/oegjk.org\/sq\/ueberuns\/","title":{"rendered":"Rreth nesh"},"content":{"rendered":"<div data-elementor-type=\"wp-page\" data-elementor-id=\"7040\" class=\"elementor elementor-7040\" data-elementor-post-type=\"page\">\n\t\t\t\t\t\t<section class=\"elementor-section elementor-top-section elementor-element elementor-element-1f26e06 elementor-section-boxed elementor-section-height-default elementor-section-height-default\" data-id=\"1f26e06\" data-element_type=\"section\" data-e-type=\"section\">\n\t\t\t\t\t\t<div class=\"elementor-container elementor-column-gap-default\">\n\t\t\t\t\t<div class=\"elementor-column elementor-col-50 elementor-top-column elementor-element elementor-element-527d5a3\" data-id=\"527d5a3\" data-element_type=\"column\" data-e-type=\"column\">\n\t\t\t<div class=\"elementor-widget-wrap elementor-element-populated\">\n\t\t\t\t\t\t<div class=\"elementor-element elementor-element-70cab0c elementor-widget elementor-widget-heading\" data-id=\"70cab0c\" data-element_type=\"widget\" data-e-type=\"widget\" data-widget_type=\"heading.default\">\n\t\t\t\t<div class=\"elementor-widget-container\">\n\t\t\t\t\t<h2 class=\"elementor-heading-title elementor-size-default\">Oda Ekonomike Gjermano-Kosovare<\/h2>\t\t\t\t<\/div>\n\t\t\t\t<\/div>\n\t\t\t\t<div class=\"elementor-element elementor-element-517e2ef elementor-widget elementor-widget-text-editor\" data-id=\"517e2ef\" data-element_type=\"widget\" data-e-type=\"widget\" data-widget_type=\"text-editor.default\">\n\t\t\t\t<div class=\"elementor-widget-container\">\n\t\t\t\t\t\t\t\t\t<p>Oda Ekonomike Gjermano \u2013 Kosovare n\u00eb Kosov\u00eb \u00ebsht\u00eb themeluar me 17 prill 2012, me mb\u00ebshtetje t\u00eb Ambasad\u00ebs Gjermane n\u00eb Kosov\u00eb si dhe t\u00eb 39 nd\u00ebrmarrjeve kosovare.<\/p><p>OEGJK funksionon e mb\u00ebshtetur n\u00eb Statutin e saj, ka t\u00eb zgjedhur an\u00ebtar\u00ebt e Bordit Drejtues si dhe strukturat udh\u00ebheq\u00ebse, e organizuar n\u00eb baz\u00eb t\u00eb hierarkis\u00eb profesionale.<\/p><p>Q\u00eb nga themelimi, OEGJK, ka rritur dhe vazhdon t\u00eb rris\u00eb kapacitetet e saja vepruese, duke d\u00ebshmuar p\u00ebrgjegj\u00ebsi p\u00ebr detyrat q\u00eb i takojn\u00eb.<\/p>\t\t\t\t\t\t\t\t<\/div>\n\t\t\t\t<\/div>\n\t\t\t\t\t<\/div>\n\t\t<\/div>\n\t\t\t\t<div class=\"elementor-column elementor-col-50 elementor-top-column elementor-element elementor-element-9e1d1f7\" data-id=\"9e1d1f7\" data-element_type=\"column\" data-e-type=\"column\">\n\t\t\t<div class=\"elementor-widget-wrap elementor-element-populated\">\n\t\t\t\t\t\t<div class=\"elementor-element elementor-element-8e8147f elementor-hidden-tablet elementor-hidden-mobile elementor-widget elementor-widget-image\" data-id=\"8e8147f\" data-element_type=\"widget\" data-e-type=\"widget\" data-widget_type=\"image.default\">\n\t\t\t\t<div class=\"elementor-widget-container\">\n\t\t\t\t\t\t\t\t\t\t\t\t\t\t\t<img fetchpriority=\"high\" decoding=\"async\" width=\"700\" height=\"201\" src=\"https:\/\/oegjk.org\/wp-content\/uploads\/2023\/05\/KDWV-Logo.svg\" class=\"attachment-full size-full wp-image-712\" alt=\"\" \/>\t\t\t\t\t\t\t\t\t\t\t\t\t\t\t<\/div>\n\t\t\t\t<\/div>\n\t\t\t\t<div class=\"elementor-element elementor-element-2935ff9 elementor-hidden-desktop elementor-widget elementor-widget-image\" data-id=\"2935ff9\" data-element_type=\"widget\" data-e-type=\"widget\" data-widget_type=\"image.default\">\n\t\t\t\t<div class=\"elementor-widget-container\">\n\t\t\t\t\t\t\t\t\t\t\t\t\t\t\t<img decoding=\"async\" width=\"700\" height=\"201\" src=\"https:\/\/oegjk.org\/wp-content\/uploads\/2023\/05\/KDWV-Logo.svg\" class=\"attachment-large size-large wp-image-712\" alt=\"\" \/>\t\t\t\t\t\t\t\t\t\t\t\t\t\t\t<\/div>\n\t\t\t\t<\/div>\n\t\t\t\t\t<\/div>\n\t\t<\/div>\n\t\t\t\t\t<\/div>\n\t\t<\/section>\n\t\t\t\t<section class=\"elementor-section elementor-top-section elementor-element elementor-element-f45c07c elementor-reverse-mobile elementor-section-boxed elementor-section-height-default elementor-section-height-default\" data-id=\"f45c07c\" data-element_type=\"section\" data-e-type=\"section\" data-settings=\"{&quot;background_background&quot;:&quot;classic&quot;}\">\n\t\t\t\t\t\t<div class=\"elementor-container elementor-column-gap-default\">\n\t\t\t\t\t<div class=\"elementor-column elementor-col-50 elementor-top-column elementor-element elementor-element-8afb813\" data-id=\"8afb813\" data-element_type=\"column\" data-e-type=\"column\">\n\t\t\t<div class=\"elementor-widget-wrap elementor-element-populated\">\n\t\t\t\t\t\t<div class=\"elementor-element elementor-element-a89b24b elementor-align-justify elementor-mobile-align-justify elementor-widget elementor-widget-button\" data-id=\"a89b24b\" data-element_type=\"widget\" data-e-type=\"widget\" data-widget_type=\"button.default\">\n\t\t\t\t<div class=\"elementor-widget-container\">\n\t\t\t\t\t\t\t\t\t<div class=\"elementor-button-wrapper\">\n\t\t\t\t\t<a class=\"elementor-button elementor-button-link elementor-size-xl elementor-animation-float\" href=\"https:\/\/oegjk.org\/sq\/team\/\">\n\t\t\t\t\t\t<span class=\"elementor-button-content-wrapper\">\n\t\t\t\t\t\t\t\t\t<span class=\"elementor-button-text\">STAFI YN\u00cb<\/span>\n\t\t\t\t\t<\/span>\n\t\t\t\t\t<\/a>\n\t\t\t\t<\/div>\n\t\t\t\t\t\t\t\t<\/div>\n\t\t\t\t<\/div>\n\t\t\t\t\t<\/div>\n\t\t<\/div>\n\t\t\t\t<div class=\"elementor-column elementor-col-50 elementor-top-column elementor-element elementor-element-f9795fb\" data-id=\"f9795fb\" data-element_type=\"column\" data-e-type=\"column\">\n\t\t\t<div class=\"elementor-widget-wrap elementor-element-populated\">\n\t\t\t\t\t\t<div class=\"elementor-element elementor-element-b550065 elementor-widget elementor-widget-text-editor\" data-id=\"b550065\" data-element_type=\"widget\" data-e-type=\"widget\" data-widget_type=\"text-editor.default\">\n\t\t\t\t<div class=\"elementor-widget-container\">\n\t\t\t\t\t\t\t\t\t<div class=\"wpb_text_column wpb_content_element fadeIn animate-element animation-triggered start-animation\"><div class=\"wpb_wrapper\"><p>Q\u00ebllimi i OEGJK-s\u00eb, \u00ebsht\u00eb p\u00ebrfaq\u00ebsimi dhe mbrojtja e interesave t\u00eb ekonomis\u00eb gjermane n\u00eb Kosov\u00eb dhe e kompanive kosovare q\u00eb funksionojn\u00eb n\u00eb Gjermani. Gjithashtu nd\u00ebr q\u00ebllimet primare t\u00eb OEGJK-s\u00eb, \u00ebsht\u00eb edhe thellimi i bashk\u00ebpunimit t\u00eb vazhduesh\u00ebm mes bizneseve t\u00eb dyja vendeve dhe krijimi i hap\u00ebsirave t\u00eb nevojshme p\u00ebr rritje t\u00eb angazhimit biznesor dypal\u00ebsh.<\/p><p>Vizioni i OEGJK-s\u00eb \u00ebsht\u00eb t\u00eb forcoj\u00eb marr\u00ebdh\u00ebniet mes nd\u00ebrmarrjeve kosovare dhe gjermane, duke krijuar nj\u00eb impakt t\u00eb duksh\u00ebm n\u00eb zhvillimin ekonomik t\u00eb partner\u00ebve tan\u00eb dhe, p\u00ebrmes tyre, t\u00eb t\u00eb dyja vendeve, me nj\u00eb fokus t\u00eb ve\u00e7ant\u00eb n\u00eb nevojat e Kosov\u00ebs.<\/p><\/div><\/div>\t\t\t\t\t\t\t\t<\/div>\n\t\t\t\t<\/div>\n\t\t\t\t\t<\/div>\n\t\t<\/div>\n\t\t\t\t\t<\/div>\n\t\t<\/section>\n\t\t\t\t<section class=\"elementor-section elementor-top-section elementor-element elementor-element-370cd24 elementor-section-boxed elementor-section-height-default elementor-section-height-default\" data-id=\"370cd24\" data-element_type=\"section\" data-e-type=\"section\">\n\t\t\t\t\t\t<div class=\"elementor-container elementor-column-gap-default\">\n\t\t\t\t\t<div class=\"elementor-column elementor-col-100 elementor-top-column elementor-element elementor-element-ae84b65\" data-id=\"ae84b65\" data-element_type=\"column\" data-e-type=\"column\">\n\t\t\t<div class=\"elementor-widget-wrap elementor-element-populated\">\n\t\t\t\t\t\t<div class=\"elementor-element elementor-element-b4887b5 elementor-widget elementor-widget-text-editor\" data-id=\"b4887b5\" data-element_type=\"widget\" data-e-type=\"widget\" data-widget_type=\"text-editor.default\">\n\t\t\t\t<div class=\"elementor-widget-container\">\n\t\t\t\t\t\t\t\t\t<p>P\u00ebr t\u00eb kuptuar m\u00eb mir\u00eb dinamikat e tregut dhe p\u00ebr t\u00eb krijuar kushte m\u00eb t\u00eb mira p\u00ebr bashk\u00ebpunim t\u00eb q\u00ebndruesh\u00ebm biznesor mes Gjermanis\u00eb dhe Kosov\u00ebs, OEGJK ruan marr\u00ebdh\u00ebnie t\u00eb vazhdueshme me Od\u00ebn Gjermane p\u00ebr Tregti dhe Industri (DIHK) n\u00eb Berlin. Ky bashk\u00ebpunim i drejtp\u00ebrdrejt\u00eb, s\u00eb bashku me partneritetet e tjera strategjike, na mund\u00ebson t\u00eb promovojm\u00eb dhe forcojm\u00eb lidhjet ekonomike mes dy vendeve, duke hapur mund\u00ebsi t\u00eb reja p\u00ebr investime dhe zhvillim t\u00eb p\u00ebrbashk\u00ebt.<\/p><p>P\u00ebrve\u00e7 marr\u00ebdh\u00ebnieve t\u00eb sh\u00ebndosha me DIHK-n\u00eb, OEGJK kultivon raporte t\u00eb ngjashme edhe me Ambasad\u00ebn e Gjermanis\u00eb n\u00eb Kosov\u00eb, institucionet shtet\u00ebrore t\u00eb vendit, mekanizmat dhe institucionet e tjera ekonomike, si dhe me bizneset an\u00ebtare t\u00eb saj, numri i t\u00eb cilave vazhdon t\u00eb rritet. Kjo arrihet fal\u00eb pun\u00ebs dhe p\u00ebrkushtimit serioz t\u00eb drejtuesve t\u00eb OEGJK-s\u00eb p\u00ebr t\u00eb qen\u00eb partner dhe p\u00ebrfaq\u00ebsues dinjitoz i interesave t\u00eb tyre ekonomike.<\/p><p>OEGJK mbetet e p\u00ebrkushtuar t\u00eb jet\u00eb nj\u00eb p\u00ebrfaq\u00ebsuese e vazhdueshme e bizneseve dhe t\u00eb nd\u00ebrmarr\u00eb veprime t\u00eb vazhdueshme p\u00ebr t\u00eb krijuar kontakte dhe mund\u00ebsi bashk\u00ebpunimi mes nd\u00ebrmarr\u00ebsve t\u00eb t\u00eb dy vendeve. Prandaj, ftojm\u00eb t\u00eb gjitha kompanit\u00eb dhe individ\u00ebt q\u00eb duan t\u00eb jen\u00eb pjes\u00eb e jet\u00ebs biznesore gjermano-kosovare t\u00eb angazhohen aktivisht dhe t\u00eb kontribuojn\u00eb n\u00eb aktivitetet e Od\u00ebs Ekonomike Gjermano-Kosovare.<\/p>\t\t\t\t\t\t\t\t<\/div>\n\t\t\t\t<\/div>\n\t\t\t\t\t<\/div>\n\t\t<\/div>\n\t\t\t\t\t<\/div>\n\t\t<\/section>\n\t\t\t\t<section class=\"elementor-section elementor-top-section elementor-element elementor-element-394dbaa elementor-section-boxed elementor-section-height-default elementor-section-height-default\" data-id=\"394dbaa\" data-element_type=\"section\" data-e-type=\"section\">\n\t\t\t\t\t\t<div class=\"elementor-container elementor-column-gap-default\">\n\t\t\t\t\t<div class=\"elementor-column elementor-col-50 elementor-top-column elementor-element elementor-element-b4808b8\" data-id=\"b4808b8\" data-element_type=\"column\" data-e-type=\"column\">\n\t\t\t<div class=\"elementor-widget-wrap elementor-element-populated\">\n\t\t\t\t\t\t<div class=\"elementor-element elementor-element-3ec050f elementor-widget elementor-widget-text-editor\" data-id=\"3ec050f\" data-element_type=\"widget\" data-e-type=\"widget\" data-widget_type=\"text-editor.default\">\n\t\t\t\t<div class=\"elementor-widget-container\">\n\t\t\t\t\t\t\t\t\t<div class=\"wpb_text_column wpb_content_element fadeIn animate-element animation-triggered start-animation\"><div class=\"wpb_wrapper\"><p><strong>D\u00ebshironi t\u00eb m\u00ebsoni m\u00eb shum\u00eb rreth pun\u00ebs son\u00eb?\u00a0<\/strong><\/p><p>Lexoni Raportin Vjetor t\u00eb vitit 2023 dhe informohuni mbi ngjarjet, shifrat, si dhe arritjet tona.<\/p><\/div><\/div>\t\t\t\t\t\t\t\t<\/div>\n\t\t\t\t<\/div>\n\t\t\t\t\t<\/div>\n\t\t<\/div>\n\t\t\t\t<div class=\"elementor-column elementor-col-50 elementor-top-column elementor-element elementor-element-288384e\" data-id=\"288384e\" data-element_type=\"column\" data-e-type=\"column\">\n\t\t\t<div class=\"elementor-widget-wrap elementor-element-populated\">\n\t\t\t\t\t\t<div class=\"elementor-element elementor-element-7ab5c64 elementor-align-justify elementor-mobile-align-justify elementor-widget elementor-widget-button\" data-id=\"7ab5c64\" data-element_type=\"widget\" data-e-type=\"widget\" data-widget_type=\"button.default\">\n\t\t\t\t<div class=\"elementor-widget-container\">\n\t\t\t\t\t\t\t\t\t<div class=\"elementor-button-wrapper\">\n\t\t\t\t\t<a class=\"elementor-button elementor-button-link elementor-size-xl elementor-animation-float\" href=\"https:\/\/oegjk.org\/sq\/jahresbericht-der-kdwv-2023\/\">\n\t\t\t\t\t\t<span class=\"elementor-button-content-wrapper\">\n\t\t\t\t\t\t\t\t\t<span class=\"elementor-button-text\">Raporti Vjetor 2023<\/span>\n\t\t\t\t\t<\/span>\n\t\t\t\t\t<\/a>\n\t\t\t\t<\/div>\n\t\t\t\t\t\t\t\t<\/div>\n\t\t\t\t<\/div>\n\t\t\t\t\t<\/div>\n\t\t<\/div>\n\t\t\t\t\t<\/div>\n\t\t<\/section>\n\t\t\t\t<\/div>","protected":false},"excerpt":{"rendered":"<p>Die Kosovarisch-Deutsche Wirtschaftsvereinigung Die Kosovarisch-Deutsche Wirtschaftsvereinigung (KDWV) wurde am 17 April 2012 gegr\u00fcndet, mit der Unterst\u00fctzung der Deutschen Botschaft in Kosovo und den 39 kosovarischen Unternehmen. Die Wirtschaftsvereinigung funktioniert auf [&hellip;]<\/p>\n","protected":false},"author":1,"featured_media":0,"parent":0,"menu_order":0,"comment_status":"closed","ping_status":"closed","template":"","meta":{"footnotes":""},"class_list":["post-7040","page","type-page","status-publish","hentry"],"aioseo_notices":[],"_links":{"self":[{"href":"https:\/\/oegjk.org\/sq\/wp-json\/wp\/v2\/pages\/7040","targetHints":{"allow":["GET"]}}],"collection":[{"href":"https:\/\/oegjk.org\/sq\/wp-json\/wp\/v2\/pages"}],"about":[{"href":"https:\/\/oegjk.org\/sq\/wp-json\/wp\/v2\/types\/page"}],"author":[{"embeddable":true,"href":"https:\/\/oegjk.org\/sq\/wp-json\/wp\/v2\/users\/1"}],"replies":[{"embeddable":true,"href":"https:\/\/oegjk.org\/sq\/wp-json\/wp\/v2\/comments?post=7040"}],"version-history":[{"count":52,"href":"https:\/\/oegjk.org\/sq\/wp-json\/wp\/v2\/pages\/7040\/revisions"}],"predecessor-version":[{"id":10932,"href":"https:\/\/oegjk.org\/sq\/wp-json\/wp\/v2\/pages\/7040\/revisions\/10932"}],"wp:attachment":[{"href":"https:\/\/oegjk.org\/sq\/wp-json\/wp\/v2\/media?parent=7040"}],"curies":[{"name":"wp","href":"https:\/\/api.w.org\/{rel}","templated":true}]}}