{"id":6875,"date":"2023-05-16T10:24:12","date_gmt":"2023-05-16T08:24:12","guid":{"rendered":"https:\/\/oegjk.org\/?page_id=6875"},"modified":"2024-03-26T17:16:34","modified_gmt":"2024-03-26T16:16:34","slug":"regierungsbeziehungen","status":"publish","type":"page","link":"https:\/\/oegjk.org\/sq\/regierungsbeziehungen\/","title":{"rendered":"Marr\u00ebdh\u00ebnie qeveritare"},"content":{"rendered":"<div data-elementor-type=\"wp-page\" data-elementor-id=\"6875\" class=\"elementor elementor-6875\" data-elementor-post-type=\"page\">\n\t\t\t\t\t\t<section class=\"elementor-section elementor-top-section elementor-element elementor-element-67d9fb2 elementor-section-boxed elementor-section-height-default elementor-section-height-default\" data-id=\"67d9fb2\" data-element_type=\"section\" data-e-type=\"section\">\n\t\t\t\t\t\t<div class=\"elementor-container elementor-column-gap-default\">\n\t\t\t\t\t<div class=\"elementor-column elementor-col-66 elementor-top-column elementor-element elementor-element-aa95f5b\" data-id=\"aa95f5b\" data-element_type=\"column\" data-e-type=\"column\">\n\t\t\t<div class=\"elementor-widget-wrap elementor-element-populated\">\n\t\t\t\t\t\t<div class=\"elementor-element elementor-element-0528c7c elementor-widget elementor-widget-heading\" data-id=\"0528c7c\" data-element_type=\"widget\" data-e-type=\"widget\" data-widget_type=\"heading.default\">\n\t\t\t\t<div class=\"elementor-widget-container\">\n\t\t\t\t\t<h2 class=\"elementor-heading-title elementor-size-default\">Marr\u00ebdh\u00ebnie qeveritare<\/h2>\t\t\t\t<\/div>\n\t\t\t\t<\/div>\n\t\t\t\t<div class=\"elementor-element elementor-element-1c0296b elementor-widget elementor-widget-text-editor\" data-id=\"1c0296b\" data-element_type=\"widget\" data-e-type=\"widget\" data-widget_type=\"text-editor.default\">\n\t\t\t\t<div class=\"elementor-widget-container\">\n\t\t\t\t\t\t\t\t\t<p>Departamenti p\u00ebr avokim dhe marr\u00ebdh\u00ebniet me qeverin\u00eb bashkon interesat e sektor\u00ebve, q\u00eb jan\u00eb t\u00eb p\u00ebrfaq\u00ebsuara n\u00eb OEGJK apo t\u00eb t\u00eb gjith\u00eb an\u00ebtar\u00ebsis\u00eb dhe n\u00eb k\u00ebt\u00eb m\u00ebnyr\u00eb p\u00ebrfaq\u00ebson kompanit\u00eb e saj an\u00ebtare n\u00eb raport me institucionet kosovare. Komuniteti i biznesit gjermano-kosovar mund t\u00eb mb\u00ebshtetet n\u00eb nj\u00eb p\u00ebrfaq\u00ebsim t\u00eb interesave q\u00eb ndihmon n\u00eb form\u00ebsimin e agjend\u00ebs ekonomike t\u00eb Kosov\u00ebs dhe p\u00ebrmir\u00ebsimin e kushteve korniz\u00eb p\u00ebr investitor\u00ebt gjerman\u00eb. N\u00eb t\u00eb nj\u00ebjt\u00ebn koh\u00eb, ky departament \u00ebsht\u00eb n\u00eb dialog t\u00eb drejtp\u00ebrdrejt\u00eb me vendimmarr\u00ebsit politik\u00eb dhe sh\u00ebrben jo vet\u00ebm si z\u00eb i bizneseve an\u00ebtare karshi institucioneve, por ka dhe rol informues p\u00ebr an\u00ebtar\u00ebt e saj.<\/p>\t\t\t\t\t\t\t\t<\/div>\n\t\t\t\t<\/div>\n\t\t\t\t<div class=\"elementor-element elementor-element-8cfa1b9 elementor-widget elementor-widget-image\" data-id=\"8cfa1b9\" data-element_type=\"widget\" data-e-type=\"widget\" data-widget_type=\"image.default\">\n\t\t\t\t<div class=\"elementor-widget-container\">\n\t\t\t\t\t\t\t\t\t\t\t\t\t\t\t<img fetchpriority=\"high\" decoding=\"async\" width=\"800\" height=\"534\" src=\"https:\/\/oegjk.org\/wp-content\/uploads\/2023\/05\/hr-department-interview-young-female-applicant-1024x683.jpg\" class=\"attachment-large size-large wp-image-6877\" alt=\"\" srcset=\"https:\/\/oegjk.org\/wp-content\/uploads\/2023\/05\/hr-department-interview-young-female-applicant-1024x683.jpg 1024w, https:\/\/oegjk.org\/wp-content\/uploads\/2023\/05\/hr-department-interview-young-female-applicant-300x200.jpg 300w, https:\/\/oegjk.org\/wp-content\/uploads\/2023\/05\/hr-department-interview-young-female-applicant-768x512.jpg 768w, https:\/\/oegjk.org\/wp-content\/uploads\/2023\/05\/hr-department-interview-young-female-applicant-1536x1024.jpg 1536w, https:\/\/oegjk.org\/wp-content\/uploads\/2023\/05\/hr-department-interview-young-female-applicant-2048x1365.jpg 2048w, https:\/\/oegjk.org\/wp-content\/uploads\/2023\/05\/hr-department-interview-young-female-applicant-18x12.jpg 18w\" sizes=\"(max-width: 800px) 100vw, 800px\" \/>\t\t\t\t\t\t\t\t\t\t\t\t\t\t\t<\/div>\n\t\t\t\t<\/div>\n\t\t\t\t<div class=\"elementor-element elementor-element-cb3998c elementor-widget elementor-widget-text-editor\" data-id=\"cb3998c\" data-element_type=\"widget\" data-e-type=\"widget\" data-widget_type=\"text-editor.default\">\n\t\t\t\t<div class=\"elementor-widget-container\">\n\t\t\t\t\t\t\t\t\t<p>P\u00ebrve\u00e7 avokimit, ky departament menaxhon edhe gjasht\u00eb grupet e pun\u00ebs, ose Kllaster\u00ebt, brenda OEGJK-s\u00eb dhe p\u00ebrgatit e publikon raporte ekonomike q\u00eb jan\u00eb n\u00eb p\u00ebrputhje me agjend\u00ebn dhe misionin e organizat\u00ebs.<\/p><p>\u00a0<\/p><p><strong>Oda Ekonomike Gjermano-Kosovare \u00ebsht\u00eb an\u00ebtare n\u00eb:<\/strong><\/p><ul><li>K\u00ebshillin Komb\u00ebtar p\u00ebr Ekonomi dhe Investime (KKEI)<\/li><li>K\u00ebshillin p\u00ebr Arsim dhe Aft\u00ebsim Profesional dhe p\u00ebr t\u00eb rritur, q\u00eb operon n\u00eb kuad\u00ebr t\u00eb Ministris\u00eb s\u00eb Arsimit, Shkenc\u00ebs, Teknologjis\u00eb dhe Inovacionit<\/li><li>Arbeitsgruppe zur Implementierung des Projekts &#8222;Einheitliches Kontaktfenster&#8220;, die im Rahmen des Ministeriums f\u00fcr Finanzen, Arbeit und Transfers operiert<\/li><li>Task-Forc\u00ebs p\u00ebr inicimin dhe implementimin e arsimit dual n\u00eb kuad\u00ebr t\u00eb Komisionit Ekzekutiv p\u00ebr zhvillimin e sistemit t\u00eb Arsimit dhe Aft\u00ebsimit Profesional, q\u00eb operon n\u00eb kuad\u00ebr t\u00eb Ministris\u00eb s\u00eb Arsimit, Shkenc\u00ebs, Teknologjis\u00eb dhe Inovacionit<\/li><\/ul>\t\t\t\t\t\t\t\t<\/div>\n\t\t\t\t<\/div>\n\t\t\t\t\t<\/div>\n\t\t<\/div>\n\t\t\t\t<div class=\"elementor-column elementor-col-33 elementor-top-column elementor-element elementor-element-0472406\" data-id=\"0472406\" data-element_type=\"column\" data-e-type=\"column\">\n\t\t\t<div class=\"elementor-widget-wrap elementor-element-populated\">\n\t\t\t\t\t\t<div class=\"elementor-element elementor-element-9e3ec44 elementor-widget elementor-widget-sidebar\" data-id=\"9e3ec44\" data-element_type=\"widget\" data-e-type=\"widget\" data-widget_type=\"sidebar.default\">\n\t\t\t\t<div class=\"elementor-widget-container\">\n\t\t\t\t\t\t\t<div data-elementor-type=\"section\" data-elementor-id=\"1135\" class=\"elementor elementor-1135\" data-elementor-post-type=\"elementor_library\">\n\t\t\t\t\t<section class=\"elementor-section elementor-top-section elementor-element elementor-element-749eeb1 elementor-section-boxed elementor-section-height-default elementor-section-height-default\" data-id=\"749eeb1\" data-element_type=\"section\" data-e-type=\"section\">\n\t\t\t\t\t\t<div class=\"elementor-container elementor-column-gap-default\">\n\t\t\t\t\t<div class=\"elementor-column elementor-col-100 elementor-top-column elementor-element elementor-element-284f42f\" data-id=\"284f42f\" data-element_type=\"column\" data-e-type=\"column\">\n\t\t\t<div class=\"elementor-widget-wrap elementor-element-populated\">\n\t\t\t\t\t\t<div class=\"elementor-element elementor-element-3fbe5713 elementor-widget elementor-widget-heading\" data-id=\"3fbe5713\" data-element_type=\"widget\" data-e-type=\"widget\" data-widget_type=\"heading.default\">\n\t\t\t\t<div class=\"elementor-widget-container\">\n\t\t\t\t\t<h2 class=\"elementor-heading-title elementor-size-default\">Personi kontaktues n\u00eb OEGJK<\/h2>\t\t\t\t<\/div>\n\t\t\t\t<\/div>\n\t\t\t\t<div class=\"elementor-element elementor-element-c98dee7 elementor-widget elementor-widget-heading\" data-id=\"c98dee7\" data-element_type=\"widget\" data-e-type=\"widget\" data-widget_type=\"heading.default\">\n\t\t\t\t<div class=\"elementor-widget-container\">\n\t\t\t\t\t<h2 class=\"elementor-heading-title elementor-size-default\">Rreze Gashi<\/h2>\t\t\t\t<\/div>\n\t\t\t\t<\/div>\n\t\t\t\t<div class=\"elementor-element elementor-element-4fb7fd18 elementor-widget elementor-widget-heading\" data-id=\"4fb7fd18\" data-element_type=\"widget\" data-e-type=\"widget\" data-widget_type=\"heading.default\">\n\t\t\t\t<div class=\"elementor-widget-container\">\n\t\t\t\t\t<h2 class=\"elementor-heading-title elementor-size-default\">Udh\u00ebheq\u00ebse e departamentit p\u00ebr Avokim dhe Marr\u00ebdh\u00ebnie Qeveritare<\/h2>\t\t\t\t<\/div>\n\t\t\t\t<\/div>\n\t\t\t\t<div class=\"elementor-element elementor-element-524f5a39 elementor-widget elementor-widget-image\" data-id=\"524f5a39\" data-element_type=\"widget\" data-e-type=\"widget\" data-widget_type=\"image.default\">\n\t\t\t\t<div class=\"elementor-widget-container\">\n\t\t\t\t\t\t\t\t\t\t\t\t\t\t\t<img decoding=\"async\" width=\"1707\" height=\"2560\" src=\"https:\/\/oegjk.org\/wp-content\/uploads\/2025\/05\/Rreze-scaled.jpg\" class=\"attachment-full size-full wp-image-11903\" alt=\"\" srcset=\"https:\/\/oegjk.org\/wp-content\/uploads\/2025\/05\/Rreze-scaled.jpg 1707w, https:\/\/oegjk.org\/wp-content\/uploads\/2025\/05\/Rreze-200x300.jpg 200w, https:\/\/oegjk.org\/wp-content\/uploads\/2025\/05\/Rreze-683x1024.jpg 683w, https:\/\/oegjk.org\/wp-content\/uploads\/2025\/05\/Rreze-768x1152.jpg 768w, https:\/\/oegjk.org\/wp-content\/uploads\/2025\/05\/Rreze-1024x1536.jpg 1024w, https:\/\/oegjk.org\/wp-content\/uploads\/2025\/05\/Rreze-1365x2048.jpg 1365w, https:\/\/oegjk.org\/wp-content\/uploads\/2025\/05\/Rreze-8x12.jpg 8w\" sizes=\"(max-width: 1707px) 100vw, 1707px\" \/>\t\t\t\t\t\t\t\t\t\t\t\t\t\t\t<\/div>\n\t\t\t\t<\/div>\n\t\t\t\t<div class=\"elementor-element elementor-element-64fa4d48 elementor-icon-list--layout-traditional elementor-list-item-link-full_width elementor-widget elementor-widget-icon-list\" data-id=\"64fa4d48\" data-element_type=\"widget\" data-e-type=\"widget\" data-widget_type=\"icon-list.default\">\n\t\t\t\t<div class=\"elementor-widget-container\">\n\t\t\t\t\t\t\t<ul class=\"elementor-icon-list-items\">\n\t\t\t\t\t\t\t<li class=\"elementor-icon-list-item\">\n\t\t\t\t\t\t\t\t\t\t\t<a href=\"tel:+38338600880\">\n\n\t\t\t\t\t\t\t\t\t\t\t\t<span class=\"elementor-icon-list-icon\">\n\t\t\t\t\t\t\t<i aria-hidden=\"true\" class=\"fas fa-phone\"><\/i>\t\t\t\t\t\t<\/span>\n\t\t\t\t\t\t\t\t\t\t<span class=\"elementor-icon-list-text\">+383 38 600 880<\/span>\n\t\t\t\t\t\t\t\t\t\t\t<\/a>\n\t\t\t\t\t\t\t\t\t<\/li>\n\t\t\t\t\t\t\t\t<li class=\"elementor-icon-list-item\">\n\t\t\t\t\t\t\t\t\t\t\t<a href=\"mailto:rreze.gashi@oegjk.org\">\n\n\t\t\t\t\t\t\t\t\t\t\t\t<span class=\"elementor-icon-list-icon\">\n\t\t\t\t\t\t\t<i aria-hidden=\"true\" class=\"fas fa-envelope\"><\/i>\t\t\t\t\t\t<\/span>\n\t\t\t\t\t\t\t\t\t\t<span class=\"elementor-icon-list-text\">rreze.gashi@oegjk.org<\/span>\n\t\t\t\t\t\t\t\t\t\t\t<\/a>\n\t\t\t\t\t\t\t\t\t<\/li>\n\t\t\t\t\t\t\t\t<li class=\"elementor-icon-list-item\">\n\t\t\t\t\t\t\t\t\t\t\t<a href=\"https:\/\/www.linkedin.com\/in\/rreze-gashi-969208246\/\">\n\n\t\t\t\t\t\t\t\t\t\t\t\t<span class=\"elementor-icon-list-icon\">\n\t\t\t\t\t\t\t<i aria-hidden=\"true\" class=\"fab fa-linkedin\"><\/i>\t\t\t\t\t\t<\/span>\n\t\t\t\t\t\t\t\t\t\t<span class=\"elementor-icon-list-text\">LinkedIn<\/span>\n\t\t\t\t\t\t\t\t\t\t\t<\/a>\n\t\t\t\t\t\t\t\t\t<\/li>\n\t\t\t\t\t\t<\/ul>\n\t\t\t\t\t\t<\/div>\n\t\t\t\t<\/div>\n\t\t\t\t<div class=\"elementor-element elementor-element-b94384e elementor-widget-divider--view-line elementor-widget elementor-widget-divider\" data-id=\"b94384e\" data-element_type=\"widget\" data-e-type=\"widget\" data-widget_type=\"divider.default\">\n\t\t\t\t<div class=\"elementor-widget-container\">\n\t\t\t\t\t\t\t<div class=\"elementor-divider\">\n\t\t\t<span class=\"elementor-divider-separator\">\n\t\t\t\t\t\t<\/span>\n\t\t<\/div>\n\t\t\t\t\t\t<\/div>\n\t\t\t\t<\/div>\n\t\t\t\t<div class=\"elementor-element elementor-element-6921c24 elementor-icon-list--layout-traditional elementor-list-item-link-full_width elementor-widget elementor-widget-icon-list\" data-id=\"6921c24\" data-element_type=\"widget\" data-e-type=\"widget\" data-widget_type=\"icon-list.default\">\n\t\t\t\t<div class=\"elementor-widget-container\">\n\t\t\t\t\t\t\t<ul class=\"elementor-icon-list-items\">\n\t\t\t\t\t\t\t<li class=\"elementor-icon-list-item\">\n\t\t\t\t\t\t\t\t\t\t\t<a href=\"https:\/\/oegjk.org\/sq\/events\/\">\n\n\t\t\t\t\t\t\t\t\t\t\t\t<span class=\"elementor-icon-list-icon\">\n\t\t\t\t\t\t\t<i aria-hidden=\"true\" class=\"fas fa-calendar-day\"><\/i>\t\t\t\t\t\t<\/span>\n\t\t\t\t\t\t\t\t\t\t<span class=\"elementor-icon-list-text\">T\u00eb gjitha eventet<\/span>\n\t\t\t\t\t\t\t\t\t\t\t<\/a>\n\t\t\t\t\t\t\t\t\t<\/li>\n\t\t\t\t\t\t<\/ul>\n\t\t\t\t\t\t<\/div>\n\t\t\t\t<\/div>\n\t\t\t\t\t<\/div>\n\t\t<\/div>\n\t\t\t\t\t<\/div>\n\t\t<\/section>\n\t\t\t\t<\/div>\n\t\t\t\t\t\t<\/div>\n\t\t\t\t<\/div>\n\t\t\t\t\t<\/div>\n\t\t<\/div>\n\t\t\t\t\t<\/div>\n\t\t<\/section>\n\t\t\t\t<\/div>","protected":false},"excerpt":{"rendered":"<p>Regierungsbeziehungen Durch die Abteilung f\u00fcr Interessenvertretung und Regierungsbeziehungen b\u00fcndelt die KDWV die Interessen einzelner Sektoren, oder auch der gesamten Mitgliedschaft und vertritt so ihre\u00a0 Mitgliedsunternehmen gegen\u00fcber kosovarischen Beh\u00f6rden. Die deutsch-kosovarische [&hellip;]<\/p>\n","protected":false},"author":1,"featured_media":0,"parent":0,"menu_order":0,"comment_status":"closed","ping_status":"closed","template":"","meta":{"footnotes":""},"class_list":["post-6875","page","type-page","status-publish","hentry"],"aioseo_notices":[],"_links":{"self":[{"href":"https:\/\/oegjk.org\/sq\/wp-json\/wp\/v2\/pages\/6875","targetHints":{"allow":["GET"]}}],"collection":[{"href":"https:\/\/oegjk.org\/sq\/wp-json\/wp\/v2\/pages"}],"about":[{"href":"https:\/\/oegjk.org\/sq\/wp-json\/wp\/v2\/types\/page"}],"author":[{"embeddable":true,"href":"https:\/\/oegjk.org\/sq\/wp-json\/wp\/v2\/users\/1"}],"replies":[{"embeddable":true,"href":"https:\/\/oegjk.org\/sq\/wp-json\/wp\/v2\/comments?post=6875"}],"version-history":[{"count":31,"href":"https:\/\/oegjk.org\/sq\/wp-json\/wp\/v2\/pages\/6875\/revisions"}],"predecessor-version":[{"id":10701,"href":"https:\/\/oegjk.org\/sq\/wp-json\/wp\/v2\/pages\/6875\/revisions\/10701"}],"wp:attachment":[{"href":"https:\/\/oegjk.org\/sq\/wp-json\/wp\/v2\/media?parent=6875"}],"curies":[{"name":"wp","href":"https:\/\/api.w.org\/{rel}","templated":true}]}}