{"id":1373,"date":"2023-05-15T15:02:26","date_gmt":"2023-05-15T13:02:26","guid":{"rendered":"https:\/\/oegjk.org\/?page_id=1373"},"modified":"2024-12-12T10:18:18","modified_gmt":"2024-12-12T09:18:18","slug":"nachrichten","status":"publish","type":"page","link":"https:\/\/oegjk.org\/sq\/nachrichten\/","title":{"rendered":"Lajmet"},"content":{"rendered":"<div data-elementor-type=\"wp-page\" data-elementor-id=\"1373\" class=\"elementor elementor-1373\" data-elementor-post-type=\"page\">\n\t\t\t\t\t\t<section class=\"elementor-section elementor-top-section elementor-element elementor-element-ca14d5b elementor-section-boxed elementor-section-height-default elementor-section-height-default\" data-id=\"ca14d5b\" data-element_type=\"section\" data-e-type=\"section\" data-settings=\"{&quot;background_background&quot;:&quot;classic&quot;}\">\n\t\t\t\t\t\t<div class=\"elementor-container elementor-column-gap-default\">\n\t\t\t\t\t<div class=\"elementor-column elementor-col-100 elementor-top-column elementor-element elementor-element-73c5d86\" data-id=\"73c5d86\" data-element_type=\"column\" data-e-type=\"column\">\n\t\t\t<div class=\"elementor-widget-wrap elementor-element-populated\">\n\t\t\t\t\t\t<div class=\"elementor-element elementor-element-7dc0df8 elementor-widget elementor-widget-heading\" data-id=\"7dc0df8\" data-element_type=\"widget\" data-e-type=\"widget\" data-widget_type=\"heading.default\">\n\t\t\t\t<div class=\"elementor-widget-container\">\n\t\t\t\t\t<h2 class=\"elementor-heading-title elementor-size-default\">Lajmet<\/h2>\t\t\t\t<\/div>\n\t\t\t\t<\/div>\n\t\t\t\t<div class=\"elementor-element elementor-element-0971e63 elementor-posts--thumbnail-none elementor-widget__width-initial elementor-grid-3 elementor-grid-tablet-2 elementor-grid-mobile-1 elementor-card-shadow-yes elementor-posts__hover-gradient elementor-widget elementor-widget-global elementor-global-9103 elementor-widget-posts\" data-id=\"0971e63\" data-element_type=\"widget\" data-e-type=\"widget\" data-settings=\"{&quot;pagination_type&quot;:&quot;load_more_infinite_scroll&quot;,&quot;cards_columns&quot;:&quot;3&quot;,&quot;cards_columns_tablet&quot;:&quot;2&quot;,&quot;cards_columns_mobile&quot;:&quot;1&quot;,&quot;cards_row_gap&quot;:{&quot;unit&quot;:&quot;px&quot;,&quot;size&quot;:35,&quot;sizes&quot;:[]},&quot;cards_row_gap_tablet&quot;:{&quot;unit&quot;:&quot;px&quot;,&quot;size&quot;:&quot;&quot;,&quot;sizes&quot;:[]},&quot;cards_row_gap_mobile&quot;:{&quot;unit&quot;:&quot;px&quot;,&quot;size&quot;:&quot;&quot;,&quot;sizes&quot;:[]},&quot;load_more_spinner&quot;:{&quot;value&quot;:&quot;fas fa-spinner&quot;,&quot;library&quot;:&quot;fa-solid&quot;}}\" data-widget_type=\"posts.cards\">\n\t\t\t\t<div class=\"elementor-widget-container\">\n\t\t\t\t\t\t\t<div class=\"elementor-posts-container elementor-posts elementor-posts--skin-cards elementor-grid\" role=\"list\">\n\t\t\t\t<article class=\"elementor-post elementor-grid-item post-13055 post type-post status-publish format-standard hentry category-nachrichten\" role=\"listitem\">\n\t\t\t<div class=\"elementor-post__card\">\n\t\t\t\t<div class=\"elementor-post__text\">\n\t\t\t\t<h2 class=\"elementor-post__title\">\n\t\t\t<a href=\"https:\/\/oegjk.org\/sq\/sick-leave-in-kosovo-rights-and-responsibilities\/\" target=\"&quot;_blank&quot;\">\n\t\t\t\tSick Leave in Kosovo: Rights and Responsibilities\t\t\t<\/a>\n\t\t<\/h2>\n\t\t\t\t\t<div class=\"elementor-post__read-more-wrapper\">\n\t\t\n\t\t<a class=\"elementor-post__read-more\" href=\"https:\/\/oegjk.org\/sq\/sick-leave-in-kosovo-rights-and-responsibilities\/\" aria-label=\"Read more about Sick Leave in Kosovo: Rights and Responsibilities\" tabindex=\"-1\" target=\"_blank\">\n\t\t\tLexo m\u00eb shum\u00eb \u00bb\t\t<\/a>\n\n\t\t\t\t\t<\/div>\n\t\t\t\t<\/div>\n\t\t\t\t<div class=\"elementor-post__meta-data\">\n\t\t\t\t\t<span class=\"elementor-post-date\">\n\t\t\t30.03.2026\t\t<\/span>\n\t\t\t\t<\/div>\n\t\t\t\t\t<\/div>\n\t\t<\/article>\n\t\t\t\t<article class=\"elementor-post elementor-grid-item post-12682 post type-post status-publish format-standard hentry category-nachrichten\" role=\"listitem\">\n\t\t\t<div class=\"elementor-post__card\">\n\t\t\t\t<div class=\"elementor-post__text\">\n\t\t\t\t<h2 class=\"elementor-post__title\">\n\t\t\t<a href=\"https:\/\/oegjk.org\/sq\/forumi-ekonomik-gjermano-kosovar-rikthehet-me-28-29-tetor-2026-nje-platforme-qe-thellon-partneritetin-ekonomik-kosove-gjermani-2\/\" target=\"&quot;_blank&quot;\">\n\t\t\t\tDas Deutsch-Kosovarische Wirtschaftsforum kehrt am 28. und 29. Oktober 2026 zur\u00fcck: Eine Plattform, die die wirtschaftliche Partnerschaft zwischen Kosovo und Deutschland vertieft.\t\t\t<\/a>\n\t\t<\/h2>\n\t\t\t\t\t<div class=\"elementor-post__read-more-wrapper\">\n\t\t\n\t\t<a class=\"elementor-post__read-more\" href=\"https:\/\/oegjk.org\/sq\/forumi-ekonomik-gjermano-kosovar-rikthehet-me-28-29-tetor-2026-nje-platforme-qe-thellon-partneritetin-ekonomik-kosove-gjermani-2\/\" aria-label=\"Read more about Forumi Ekonomik Gjermano-Kosovar rikthehet m\u00eb 28\u201329 tetor 2026: Nj\u00eb platform\u00eb q\u00eb thellon partneritetin ekonomik Kosov\u00eb\u2013Gjermani\" tabindex=\"-1\" target=\"_blank\">\n\t\t\tLexo m\u00eb shum\u00eb \u00bb\t\t<\/a>\n\n\t\t\t\t\t<\/div>\n\t\t\t\t<\/div>\n\t\t\t\t<div class=\"elementor-post__meta-data\">\n\t\t\t\t\t<span class=\"elementor-post-date\">\n\t\t\t27.02.2026\t\t<\/span>\n\t\t\t\t<\/div>\n\t\t\t\t\t<\/div>\n\t\t<\/article>\n\t\t\t\t<article class=\"elementor-post elementor-grid-item post-12364 post type-post status-publish format-standard hentry category-nachrichten\" role=\"listitem\">\n\t\t\t<div class=\"elementor-post__card\">\n\t\t\t\t<div class=\"elementor-post__text\">\n\t\t\t\t<h2 class=\"elementor-post__title\">\n\t\t\t<a href=\"https:\/\/oegjk.org\/sq\/from-aid-to-partnership-why-kosovo-germany-economic-relations-are-entering-a-new-phase\/\" target=\"&quot;_blank&quot;\">\n\t\t\t\tFrom aid to partnership: Why Kosovo\u2013Germany economic relations are entering a new phase\t\t\t<\/a>\n\t\t<\/h2>\n\t\t\t\t\t<div class=\"elementor-post__read-more-wrapper\">\n\t\t\n\t\t<a class=\"elementor-post__read-more\" href=\"https:\/\/oegjk.org\/sq\/from-aid-to-partnership-why-kosovo-germany-economic-relations-are-entering-a-new-phase\/\" aria-label=\"Read more about From aid to partnership: Why Kosovo\u2013Germany economic relations are entering a new phase\" tabindex=\"-1\" target=\"_blank\">\n\t\t\tLexo m\u00eb shum\u00eb \u00bb\t\t<\/a>\n\n\t\t\t\t\t<\/div>\n\t\t\t\t<\/div>\n\t\t\t\t<div class=\"elementor-post__meta-data\">\n\t\t\t\t\t<span class=\"elementor-post-date\">\n\t\t\t03.02.2026\t\t<\/span>\n\t\t\t\t<\/div>\n\t\t\t\t\t<\/div>\n\t\t<\/article>\n\t\t\t\t<article class=\"elementor-post elementor-grid-item post-12358 post type-post status-publish format-standard hentry category-nachrichten\" role=\"listitem\">\n\t\t\t<div class=\"elementor-post__card\">\n\t\t\t\t<div class=\"elementor-post__text\">\n\t\t\t\t<h2 class=\"elementor-post__title\">\n\t\t\t<a href=\"https:\/\/oegjk.org\/sq\/cbam-ist-da-was-exporteure-im-kosovo-wissen-muessen\/\" target=\"&quot;_blank&quot;\">\n\t\t\t\tCBAM: \u00c7far\u00eb duhet t\u00eb din\u00eb eksportuesit n\u00eb Kosov\u00eb\t\t\t<\/a>\n\t\t<\/h2>\n\t\t\t\t\t<div class=\"elementor-post__read-more-wrapper\">\n\t\t\n\t\t<a class=\"elementor-post__read-more\" href=\"https:\/\/oegjk.org\/sq\/cbam-ist-da-was-exporteure-im-kosovo-wissen-muessen\/\" aria-label=\"Read more about CBAM ist da: Was Exporteure im Kosovo wissen m\u00fcssen\" tabindex=\"-1\" target=\"_blank\">\n\t\t\tLexo m\u00eb shum\u00eb \u00bb\t\t<\/a>\n\n\t\t\t\t\t<\/div>\n\t\t\t\t<\/div>\n\t\t\t\t<div class=\"elementor-post__meta-data\">\n\t\t\t\t\t<span class=\"elementor-post-date\">\n\t\t\t02.02.2026\t\t<\/span>\n\t\t\t\t<\/div>\n\t\t\t\t\t<\/div>\n\t\t<\/article>\n\t\t\t\t<article class=\"elementor-post elementor-grid-item post-12318 post type-post status-publish format-standard hentry category-nachrichten\" role=\"listitem\">\n\t\t\t<div class=\"elementor-post__card\">\n\t\t\t\t<div class=\"elementor-post__text\">\n\t\t\t\t<h2 class=\"elementor-post__title\">\n\t\t\t<a href=\"https:\/\/oegjk.org\/sq\/rekomandime-strategjike-te-kdwv-oegjk-per-institucionet-e-kosoves-per-vitin-2026-2\/\" target=\"&quot;_blank&quot;\">\n\t\t\t\tREKOMANDIME STRATEGJIKE T\u00cb KDWV-OEGJK P\u00cbR INSTITUCIONET E KOSOV\u00cbS P\u00cbR VITIN 2026\u00a0\t\t\t<\/a>\n\t\t<\/h2>\n\t\t\t\t\t<div class=\"elementor-post__read-more-wrapper\">\n\t\t\n\t\t<a class=\"elementor-post__read-more\" href=\"https:\/\/oegjk.org\/sq\/rekomandime-strategjike-te-kdwv-oegjk-per-institucionet-e-kosoves-per-vitin-2026-2\/\" aria-label=\"Read more about REKOMANDIME STRATEGJIKE T\u00cb KDWV-OEGJK P\u00cbR INSTITUCIONET E KOSOV\u00cbS P\u00cbR VITIN 2026\u00a0\" tabindex=\"-1\" target=\"_blank\">\n\t\t\tLexo m\u00eb shum\u00eb \u00bb\t\t<\/a>\n\n\t\t\t\t\t<\/div>\n\t\t\t\t<\/div>\n\t\t\t\t<div class=\"elementor-post__meta-data\">\n\t\t\t\t\t<span class=\"elementor-post-date\">\n\t\t\t23.01.2026\t\t<\/span>\n\t\t\t\t<\/div>\n\t\t\t\t\t<\/div>\n\t\t<\/article>\n\t\t\t\t<article class=\"elementor-post elementor-grid-item post-12202 post type-post status-publish format-standard hentry category-nachrichten\" role=\"listitem\">\n\t\t\t<div class=\"elementor-post__card\">\n\t\t\t\t<div class=\"elementor-post__text\">\n\t\t\t\t<h2 class=\"elementor-post__title\">\n\t\t\t<a href=\"https:\/\/oegjk.org\/sq\/vom-wissen-zur-praxis-das-einbringen-von-verona-und-daris-in-der-kosovarisch-deutschen-wirtschaftsvereinigung\/\" target=\"&quot;_blank&quot;\">\n\t\t\t\tNga teoria n\u00eb praktik\u00eb: Angazhimi i Veron\u00ebs dhe Darisit n\u00eb Od\u00ebn Ekonomike Gjermano-Kosovare\t\t\t<\/a>\n\t\t<\/h2>\n\t\t\t\t\t<div class=\"elementor-post__read-more-wrapper\">\n\t\t\n\t\t<a class=\"elementor-post__read-more\" href=\"https:\/\/oegjk.org\/sq\/vom-wissen-zur-praxis-das-einbringen-von-verona-und-daris-in-der-kosovarisch-deutschen-wirtschaftsvereinigung\/\" aria-label=\"Read more about Vom Wissen zur Praxis: Das Einbringen von Verona und Daris in der Kosovarisch-Deutschen Wirtschaftsvereinigung\" tabindex=\"-1\" target=\"_blank\">\n\t\t\tLexo m\u00eb shum\u00eb \u00bb\t\t<\/a>\n\n\t\t\t\t\t<\/div>\n\t\t\t\t<\/div>\n\t\t\t\t<div class=\"elementor-post__meta-data\">\n\t\t\t\t\t<span class=\"elementor-post-date\">\n\t\t\t03.11.2025\t\t<\/span>\n\t\t\t\t<\/div>\n\t\t\t\t\t<\/div>\n\t\t<\/article>\n\t\t\t\t<\/div>\n\t\t\t\t\t<span class=\"e-load-more-spinner\">\n\t\t\t\t<i aria-hidden=\"true\" class=\"fas fa-spinner\"><\/i>\t\t\t<\/span>\n\t\t\n\t\t\t\t<div class=\"e-load-more-anchor\" data-page=\"1\" data-max-page=\"7\" data-next-page=\"https:\/\/oegjk.org\/sq\/wp-json\/wp\/v2\/pages\/1373\/page\/2\/\"><\/div>\n\t\t\t\t<div class=\"e-load-more-message\"><\/div>\n\t\t\t\t\t\t<\/div>\n\t\t\t\t<\/div>\n\t\t\t\t\t<\/div>\n\t\t<\/div>\n\t\t\t\t\t<\/div>\n\t\t<\/section>\n\t\t\t\t<\/div>","protected":false},"excerpt":{"rendered":"<p>Lajmet<\/p>","protected":false},"author":1,"featured_media":0,"parent":0,"menu_order":0,"comment_status":"closed","ping_status":"closed","template":"","meta":{"footnotes":""},"class_list":["post-1373","page","type-page","status-publish","hentry"],"aioseo_notices":[],"_links":{"self":[{"href":"https:\/\/oegjk.org\/sq\/wp-json\/wp\/v2\/pages\/1373","targetHints":{"allow":["GET"]}}],"collection":[{"href":"https:\/\/oegjk.org\/sq\/wp-json\/wp\/v2\/pages"}],"about":[{"href":"https:\/\/oegjk.org\/sq\/wp-json\/wp\/v2\/types\/page"}],"author":[{"embeddable":true,"href":"https:\/\/oegjk.org\/sq\/wp-json\/wp\/v2\/users\/1"}],"replies":[{"embeddable":true,"href":"https:\/\/oegjk.org\/sq\/wp-json\/wp\/v2\/comments?post=1373"}],"version-history":[{"count":100,"href":"https:\/\/oegjk.org\/sq\/wp-json\/wp\/v2\/pages\/1373\/revisions"}],"predecessor-version":[{"id":11357,"href":"https:\/\/oegjk.org\/sq\/wp-json\/wp\/v2\/pages\/1373\/revisions\/11357"}],"wp:attachment":[{"href":"https:\/\/oegjk.org\/sq\/wp-json\/wp\/v2\/media?parent=1373"}],"curies":[{"name":"wp","href":"https:\/\/api.w.org\/{rel}","templated":true}]}}