{"id":10708,"date":"2024-03-28T14:06:06","date_gmt":"2024-03-28T13:06:06","guid":{"rendered":"https:\/\/oegjk.org\/?page_id=10708"},"modified":"2024-04-16T15:25:38","modified_gmt":"2024-04-16T13:25:38","slug":"netzwerke","status":"publish","type":"page","link":"https:\/\/oegjk.org\/sq\/netzwerke\/","title":{"rendered":"Rrjetet"},"content":{"rendered":"<div data-elementor-type=\"wp-page\" data-elementor-id=\"10708\" class=\"elementor elementor-10708\" data-elementor-post-type=\"page\">\n\t\t\t\t\t\t<section class=\"elementor-section elementor-top-section elementor-element elementor-element-6dde28b elementor-section-boxed elementor-section-height-default elementor-section-height-default\" data-id=\"6dde28b\" data-element_type=\"section\" data-e-type=\"section\" data-settings=\"{&quot;background_background&quot;:&quot;classic&quot;}\">\n\t\t\t\t\t\t<div class=\"elementor-container elementor-column-gap-default\">\n\t\t\t\t\t<div class=\"elementor-column elementor-col-100 elementor-top-column elementor-element elementor-element-a890a96\" data-id=\"a890a96\" data-element_type=\"column\" data-e-type=\"column\">\n\t\t\t<div class=\"elementor-widget-wrap elementor-element-populated\">\n\t\t\t\t\t\t<div class=\"elementor-element elementor-element-a6657b3 elementor-widget elementor-widget-heading\" data-id=\"a6657b3\" data-element_type=\"widget\" data-e-type=\"widget\" data-widget_type=\"heading.default\">\n\t\t\t\t<div class=\"elementor-widget-container\">\n\t\t\t\t\t<h2 class=\"elementor-heading-title elementor-size-default\">Rrjetet tona<\/h2>\t\t\t\t<\/div>\n\t\t\t\t<\/div>\n\t\t\t\t\t<\/div>\n\t\t<\/div>\n\t\t\t\t\t<\/div>\n\t\t<\/section>\n\t\t\t\t<section class=\"elementor-section elementor-top-section elementor-element elementor-element-04fb66e elementor-section-boxed elementor-section-height-default elementor-section-height-default\" data-id=\"04fb66e\" data-element_type=\"section\" data-e-type=\"section\" data-settings=\"{&quot;background_background&quot;:&quot;classic&quot;}\">\n\t\t\t\t\t\t<div class=\"elementor-container elementor-column-gap-default\">\n\t\t\t\t\t<div class=\"elementor-column elementor-col-100 elementor-top-column elementor-element elementor-element-54b9a0e\" data-id=\"54b9a0e\" data-element_type=\"column\" data-e-type=\"column\">\n\t\t\t<div class=\"elementor-widget-wrap elementor-element-populated\">\n\t\t\t\t\t\t<section class=\"elementor-section elementor-inner-section elementor-element elementor-element-2f885e4 elementor-section-full_width elementor-section-height-default elementor-section-height-default\" data-id=\"2f885e4\" data-element_type=\"section\" data-e-type=\"section\">\n\t\t\t\t\t\t<div class=\"elementor-container elementor-column-gap-default\">\n\t\t\t\t\t<div class=\"elementor-column elementor-col-33 elementor-inner-column elementor-element elementor-element-1709734\" data-id=\"1709734\" data-element_type=\"column\" data-e-type=\"column\">\n\t\t\t<div class=\"elementor-widget-wrap elementor-element-populated\">\n\t\t\t\t\t\t<div class=\"elementor-element elementor-element-356079c elementor-widget elementor-widget-heading\" data-id=\"356079c\" data-element_type=\"widget\" data-e-type=\"widget\" data-widget_type=\"heading.default\">\n\t\t\t\t<div class=\"elementor-widget-container\">\n\t\t\t\t\t<h2 class=\"elementor-heading-title elementor-size-default\"><a href=\"https:\/\/oegjk.org\/sq\/cca\/\">Clean Call Alliance (CCA)<\/a><\/h2>\t\t\t\t<\/div>\n\t\t\t\t<\/div>\n\t\t\t\t<div class=\"elementor-element elementor-element-3d5bcc9 elementor-widget elementor-widget-image\" data-id=\"3d5bcc9\" data-element_type=\"widget\" data-e-type=\"widget\" data-widget_type=\"image.default\">\n\t\t\t\t<div class=\"elementor-widget-container\">\n\t\t\t\t\t\t\t\t\t\t\t\t\t\t\t\t<a href=\"https:\/\/oegjk.org\/sq\/cca\/\">\n\t\t\t\t\t\t\t<img fetchpriority=\"high\" decoding=\"async\" width=\"2048\" height=\"785\" src=\"https:\/\/oegjk.org\/wp-content\/uploads\/2023\/08\/CCA-Logo.png\" class=\"attachment-full size-full wp-image-10058\" alt=\"\" srcset=\"https:\/\/oegjk.org\/wp-content\/uploads\/2023\/08\/CCA-Logo.png 2048w, https:\/\/oegjk.org\/wp-content\/uploads\/2023\/08\/CCA-Logo-300x115.png 300w, https:\/\/oegjk.org\/wp-content\/uploads\/2023\/08\/CCA-Logo-1024x393.png 1024w, https:\/\/oegjk.org\/wp-content\/uploads\/2023\/08\/CCA-Logo-768x294.png 768w, https:\/\/oegjk.org\/wp-content\/uploads\/2023\/08\/CCA-Logo-1536x589.png 1536w, https:\/\/oegjk.org\/wp-content\/uploads\/2023\/08\/CCA-Logo-18x7.png 18w\" sizes=\"(max-width: 2048px) 100vw, 2048px\" \/>\t\t\t\t\t\t\t\t<\/a>\n\t\t\t\t\t\t\t\t\t\t\t\t\t\t\t<\/div>\n\t\t\t\t<\/div>\n\t\t\t\t<div class=\"elementor-element elementor-element-3bd5cd8 elementor-widget elementor-widget-text-editor\" data-id=\"3bd5cd8\" data-element_type=\"widget\" data-e-type=\"widget\" data-widget_type=\"text-editor.default\">\n\t\t\t\t<div class=\"elementor-widget-container\">\n\t\t\t\t\t\t\t\t\t<p>Clean Call Alliance (CCA) \u00ebsht\u00eb rrjet i qendrave t\u00eb thirrjeve q\u00eb \u00ebsht\u00eb themeluar n\u00eb maj t\u00eb vitit 2022 me iniciativ\u00ebn e Ambasad\u00ebs Gjermane n\u00eb Prishtin\u00eb, Od\u00ebs Ekonomike Gjermano-Kosovare (KDWV) dhe me mb\u00ebshtetjen e GIZ -Bashk\u00ebpunimi Nd\u00ebrkomb\u00ebtar Gjerman.<\/p><p>Misioni i p\u00ebrgjithsh\u00ebm i k\u00ebsaj iniciative \u00ebsht\u00eb promovimi i Kosov\u00ebs n\u00eb p\u00ebrgjith\u00ebsi dhe sh\u00ebrbimit ndaj klient\u00ebve p\u00ebrmes kompanive q\u00eb operojn\u00eb n\u00eb sektorin BPO n\u00eb Kosov\u00eb, n\u00eb m\u00ebnyr\u00eb q\u00eb t\u00eb kontribuojn\u00eb n\u00eb ndikimin pozitiv t\u00eb k\u00ebtij sektori n\u00eb vend dhe t\u00eb luftojn\u00eb qendrat e thirrjeve q\u00eb ndjekin veprimtari t\u00eb paligjshme.<\/p>\t\t\t\t\t\t\t\t<\/div>\n\t\t\t\t<\/div>\n\t\t\t\t\t<\/div>\n\t\t<\/div>\n\t\t\t\t<div class=\"elementor-column elementor-col-33 elementor-inner-column elementor-element elementor-element-f54ae76\" data-id=\"f54ae76\" data-element_type=\"column\" data-e-type=\"column\">\n\t\t\t<div class=\"elementor-widget-wrap elementor-element-populated\">\n\t\t\t\t\t\t<div class=\"elementor-element elementor-element-136d8bd elementor-widget elementor-widget-heading\" data-id=\"136d8bd\" data-element_type=\"widget\" data-e-type=\"widget\" data-widget_type=\"heading.default\">\n\t\t\t\t<div class=\"elementor-widget-container\">\n\t\t\t\t\t<h2 class=\"elementor-heading-title elementor-size-default\"><a href=\"https:\/\/oegjk.org\/sq\/n4ceb\/\">Network 4 Clean Energy Businesses (N4CEB)<\/a><\/h2>\t\t\t\t<\/div>\n\t\t\t\t<\/div>\n\t\t\t\t<div class=\"elementor-element elementor-element-3ea9ea1 elementor-widget elementor-widget-image\" data-id=\"3ea9ea1\" data-element_type=\"widget\" data-e-type=\"widget\" data-widget_type=\"image.default\">\n\t\t\t\t<div class=\"elementor-widget-container\">\n\t\t\t\t\t\t\t\t\t\t\t\t\t\t\t\t<a href=\"https:\/\/oegjk.org\/sq\/n4ceb\/\">\n\t\t\t\t\t\t\t<img decoding=\"async\" width=\"297\" height=\"281\" src=\"https:\/\/oegjk.org\/wp-content\/uploads\/2023\/08\/N4CEB-Logo.png\" class=\"attachment-full size-full wp-image-10036\" alt=\"\" srcset=\"https:\/\/oegjk.org\/wp-content\/uploads\/2023\/08\/N4CEB-Logo.png 297w, https:\/\/oegjk.org\/wp-content\/uploads\/2023\/08\/N4CEB-Logo-13x12.png 13w\" sizes=\"(max-width: 297px) 100vw, 297px\" \/>\t\t\t\t\t\t\t\t<\/a>\n\t\t\t\t\t\t\t\t\t\t\t\t\t\t\t<\/div>\n\t\t\t\t<\/div>\n\t\t\t\t<div class=\"elementor-element elementor-element-39afa87 elementor-widget elementor-widget-text-editor\" data-id=\"39afa87\" data-element_type=\"widget\" data-e-type=\"widget\" data-widget_type=\"text-editor.default\">\n\t\t\t\t<div class=\"elementor-widget-container\">\n\t\t\t\t\t\t\t\t\t<p>N4CEB e themeluar nga Oda Ekonomike Gjermano-Kosovare me p\u00ebrkrahje t\u00eb Qeveris\u00eb Gjermane p\u00ebrmes GIZ, synon t'i jap\u00eb sektorit privat nj\u00eb z\u00eb t\u00eb fort\u00eb, shk\u00ebmbim t\u00eb nd\u00ebrsjell\u00eb, duke nxitur debatin publik.<\/p>\n<p>Gjithashtu do t\u00eb theksoj\u00eb gjithnj\u00eb e m\u00eb shum\u00eb rekomandimet drejtuar autoriteteve p\u00ebr kushte t\u00eb p\u00ebrshtatshme t\u00eb kuadrit ligjor p\u00ebr t\u00eb rritur zhvillimin e tregut.<\/p>\t\t\t\t\t\t\t\t<\/div>\n\t\t\t\t<\/div>\n\t\t\t\t\t<\/div>\n\t\t<\/div>\n\t\t\t\t<div class=\"elementor-column elementor-col-33 elementor-inner-column elementor-element elementor-element-3d1656f\" data-id=\"3d1656f\" data-element_type=\"column\" data-e-type=\"column\">\n\t\t\t<div class=\"elementor-widget-wrap elementor-element-populated\">\n\t\t\t\t\t\t<div class=\"elementor-element elementor-element-348e825 elementor-widget elementor-widget-heading\" data-id=\"348e825\" data-element_type=\"widget\" data-e-type=\"widget\" data-widget_type=\"heading.default\">\n\t\t\t\t<div class=\"elementor-widget-container\">\n\t\t\t\t\t<h2 class=\"elementor-heading-title elementor-size-default\"><a href=\"https:\/\/oegjk.org\/sq\/fiks\/\">Fintech Kosova (FI-KS)<\/a><\/h2>\t\t\t\t<\/div>\n\t\t\t\t<\/div>\n\t\t\t\t<div class=\"elementor-element elementor-element-8b524f0 elementor-widget elementor-widget-image\" data-id=\"8b524f0\" data-element_type=\"widget\" data-e-type=\"widget\" data-widget_type=\"image.default\">\n\t\t\t\t<div class=\"elementor-widget-container\">\n\t\t\t\t\t\t\t\t\t\t\t\t\t\t\t\t<a href=\"https:\/\/oegjk.org\/sq\/fiks\/\">\n\t\t\t\t\t\t\t<img decoding=\"async\" width=\"800\" height=\"800\" src=\"https:\/\/oegjk.org\/wp-content\/uploads\/2024\/03\/FIKS-LOGO-1024x1024.png\" class=\"attachment-large size-large wp-image-10711\" alt=\"\" srcset=\"https:\/\/oegjk.org\/wp-content\/uploads\/2024\/03\/FIKS-LOGO-1024x1024.png 1024w, https:\/\/oegjk.org\/wp-content\/uploads\/2024\/03\/FIKS-LOGO-300x300.png 300w, https:\/\/oegjk.org\/wp-content\/uploads\/2024\/03\/FIKS-LOGO-150x150.png 150w, https:\/\/oegjk.org\/wp-content\/uploads\/2024\/03\/FIKS-LOGO-768x768.png 768w, https:\/\/oegjk.org\/wp-content\/uploads\/2024\/03\/FIKS-LOGO-12x12.png 12w, https:\/\/oegjk.org\/wp-content\/uploads\/2024\/03\/FIKS-LOGO.png 1080w\" sizes=\"(max-width: 800px) 100vw, 800px\" \/>\t\t\t\t\t\t\t\t<\/a>\n\t\t\t\t\t\t\t\t\t\t\t\t\t\t\t<\/div>\n\t\t\t\t<\/div>\n\t\t\t\t<div class=\"elementor-element elementor-element-09b95b6 elementor-widget elementor-widget-text-editor\" data-id=\"09b95b6\" data-element_type=\"widget\" data-e-type=\"widget\" data-widget_type=\"text-editor.default\">\n\t\t\t\t<div class=\"elementor-widget-container\">\n\t\t\t\t\t\t\t\t\t<p>FinTech Kosova (FIKS) i q\u00ebndron prapa k\u00ebtij transformimi dedikuar form\u00ebsimit t\u00eb Kosov\u00ebs si fuqia e Ballkanit p\u00ebr FinTech.<\/p><p>Misioni yn\u00eb: T\u00eb nxisim potencialin e Kosov\u00ebs n\u00eb sh\u00ebrbimet financiare, sigurimin kibernetik, dhe pajtueshm\u00ebrin\u00eb me ligjet, duke hapur rrug\u00ebn p\u00ebr nj\u00eb t\u00eb ardhme, ku teknologjia dhe financa bashkohen nj\u00ebtrajt\u00ebsisht. Me FIKS, jo vet\u00ebm q\u00eb po nxisim inovacion; ne po nd\u00ebrtojm\u00eb nj\u00eb komunitet. Nj\u00eb komunitet ku inovator\u00ebt financiar\u00eb dhe t\u00eb tekonologjis\u00eb, investitor\u00ebt dhe \u00ebnd\u00ebrrimtar\u00ebt bashkohen p\u00ebr t\u00eb ridefinuar sh\u00ebrbimet financiare.<\/p>\t\t\t\t\t\t\t\t<\/div>\n\t\t\t\t<\/div>\n\t\t\t\t\t<\/div>\n\t\t<\/div>\n\t\t\t\t\t<\/div>\n\t\t<\/section>\n\t\t\t\t\t<\/div>\n\t\t<\/div>\n\t\t\t\t\t<\/div>\n\t\t<\/section>\n\t\t\t\t<\/div>","protected":false},"excerpt":{"rendered":"<p>Unsere Netzwerke Clean Call Alliance (CCA) Die Clean Call Allianz (CCA) ist ein Netzwerk von Call Centern in Kosovo, das von der Kosovarisch-Deutschen Wirtschaftsvereinigung (KDWV) mit Unterst\u00fctzung der Deutschen Gesellschaft [&hellip;]<\/p>\n","protected":false},"author":1,"featured_media":0,"parent":0,"menu_order":0,"comment_status":"closed","ping_status":"closed","template":"","meta":{"footnotes":""},"class_list":["post-10708","page","type-page","status-publish","hentry"],"aioseo_notices":[],"_links":{"self":[{"href":"https:\/\/oegjk.org\/sq\/wp-json\/wp\/v2\/pages\/10708","targetHints":{"allow":["GET"]}}],"collection":[{"href":"https:\/\/oegjk.org\/sq\/wp-json\/wp\/v2\/pages"}],"about":[{"href":"https:\/\/oegjk.org\/sq\/wp-json\/wp\/v2\/types\/page"}],"author":[{"embeddable":true,"href":"https:\/\/oegjk.org\/sq\/wp-json\/wp\/v2\/users\/1"}],"replies":[{"embeddable":true,"href":"https:\/\/oegjk.org\/sq\/wp-json\/wp\/v2\/comments?post=10708"}],"version-history":[{"count":13,"href":"https:\/\/oegjk.org\/sq\/wp-json\/wp\/v2\/pages\/10708\/revisions"}],"predecessor-version":[{"id":10804,"href":"https:\/\/oegjk.org\/sq\/wp-json\/wp\/v2\/pages\/10708\/revisions\/10804"}],"wp:attachment":[{"href":"https:\/\/oegjk.org\/sq\/wp-json\/wp\/v2\/media?parent=10708"}],"curies":[{"name":"wp","href":"https:\/\/api.w.org\/{rel}","templated":true}]}}